{"id":3403,"date":"2023-09-22T11:05:17","date_gmt":"2023-09-22T11:05:17","guid":{"rendered":"https:\/\/hidrosistem.al\/new\/?post_type=product&#038;p=3403"},"modified":"2023-09-22T11:05:17","modified_gmt":"2023-09-22T11:05:17","slug":"ats-masina-plus-900","status":"publish","type":"product","link":"https:\/\/hidrosistem.al\/new\/product\/ats-masina-plus-900\/","title":{"rendered":"ATS MASINA PLUS 900"},"content":{"rendered":"<div class=\"product attribute overview\">\n<div class=\"value\"><span>NGROHES DRURI ATS MASINA PLUS 900 \u00c7ELIK ME FURRE ideale p\u00ebr k\u00ebdo q\u00eb d\u00ebshiron t\u00eb kombinoj\u00eb pamjen e saj tradicionale me nj\u00eb version modern.\u00a0Gjithashtu ju lejon t\u00eb gatuani dy ushqime n\u00eb t\u00eb nj\u00ebjt\u00ebn koh\u00eb n\u00eb koh\u00ebn m\u00eb t\u00eb shkurt\u00ebr t\u00eb mundshme t\u00eb gatimit.\u00a0Dizajni i furr\u00ebs \u00ebsht\u00eb funksional dhe efikas, duke e b\u00ebr\u00eb gatimin m\u00eb t\u00eb leht\u00eb.\u00a0Me kristal qeramike zjarrduruese rezistente deri ne 750\u00b0C.\u00a0Ka nj\u00eb furr\u00eb smalti, nj\u00eb tav\u00eb smalti, nj\u00eb gril\u00eb dhe nj\u00eb termomet\u00ebr 0-300\u00b0C.<\/span><\/div>\n<\/div>\n","protected":false},"excerpt":{"rendered":"<p>NGROHES DRURI ATS MASINA PLUS 900 \u00c7ELIK ME FURRE ideale p\u00ebr k\u00ebdo q\u00eb d\u00ebshiron t\u00eb kombinoj\u00eb pamjen e saj tradicionale<\/p>\n","protected":false},"featured_media":3404,"template":"","meta":[],"product_cat":[356],"product_tag":[],"class_list":["post-3403","product","type-product","status-publish","has-post-thumbnail","hentry","product_cat-soba-me-dru"],"_links":{"self":[{"href":"https:\/\/hidrosistem.al\/new\/wp-json\/wp\/v2\/product\/3403","targetHints":{"allow":["GET"]}}],"collection":[{"href":"https:\/\/hidrosistem.al\/new\/wp-json\/wp\/v2\/product"}],"about":[{"href":"https:\/\/hidrosistem.al\/new\/wp-json\/wp\/v2\/types\/product"}],"version-history":[{"count":1,"href":"https:\/\/hidrosistem.al\/new\/wp-json\/wp\/v2\/product\/3403\/revisions"}],"predecessor-version":[{"id":3406,"href":"https:\/\/hidrosistem.al\/new\/wp-json\/wp\/v2\/product\/3403\/revisions\/3406"}],"wp:featuredmedia":[{"embeddable":true,"href":"https:\/\/hidrosistem.al\/new\/wp-json\/wp\/v2\/media\/3404"}],"wp:attachment":[{"href":"https:\/\/hidrosistem.al\/new\/wp-json\/wp\/v2\/media?parent=3403"}],"wp:term":[{"taxonomy":"product_cat","embeddable":true,"href":"https:\/\/hidrosistem.al\/new\/wp-json\/wp\/v2\/product_cat?post=3403"},{"taxonomy":"product_tag","embeddable":true,"href":"https:\/\/hidrosistem.al\/new\/wp-json\/wp\/v2\/product_tag?post=3403"}],"curies":[{"name":"wp","href":"https:\/\/api.w.org\/{rel}","templated":true}]}}