{"id":3399,"date":"2023-09-22T11:03:40","date_gmt":"2023-09-22T11:03:40","guid":{"rendered":"https:\/\/hidrosistem.al\/new\/?post_type=product&#038;p=3399"},"modified":"2023-09-22T11:03:40","modified_gmt":"2023-09-22T11:03:40","slug":"ats-masina-vergina","status":"publish","type":"product","link":"https:\/\/hidrosistem.al\/new\/product\/ats-masina-vergina\/","title":{"rendered":"ATS MASINA VERGINA"},"content":{"rendered":"<div class=\"product attribute overview\">\n<div class=\"value\"><span>Ngroh\u00ebsja e drurit prej \u00c7eliku ME FURRE ATS MASINA VERGINA ideale p\u00ebr k\u00ebdo q\u00eb d\u00ebshiron t\u00eb nd\u00ebrthur\u00eb pamjen e saj tradicionale me versionin modern.\u00a0Gjithashtu ju lejon t\u00eb gatuani dy ushqime n\u00eb t\u00eb nj\u00ebjt\u00ebn koh\u00eb n\u00eb koh\u00ebn m\u00eb t\u00eb shkurt\u00ebr t\u00eb mundshme t\u00eb gatimit.\u00a0Dizajni i furr\u00ebs \u00ebsht\u00eb funksional dhe efikas, duke e b\u00ebr\u00eb gatimin m\u00eb t\u00eb leht\u00eb.\u00a0Me kristal qeramike zjarrduruese rezistente deri ne 750\u00b0C.\u00a0Ka nj\u00eb furr\u00eb smalti, nj\u00eb tav\u00eb smalti, nj\u00eb gril\u00eb dhe nj\u00eb termomet\u00ebr 0-300\u00b0C.<\/span><\/div>\n<\/div>\n","protected":false},"excerpt":{"rendered":"<p>Ngroh\u00ebsja e drurit prej \u00c7eliku ME FURRE ATS MASINA VERGINA ideale p\u00ebr k\u00ebdo q\u00eb d\u00ebshiron t\u00eb nd\u00ebrthur\u00eb pamjen e saj<\/p>\n","protected":false},"featured_media":3400,"template":"","meta":[],"product_cat":[356],"product_tag":[],"class_list":["post-3399","product","type-product","status-publish","has-post-thumbnail","hentry","product_cat-soba-me-dru"],"_links":{"self":[{"href":"https:\/\/hidrosistem.al\/new\/wp-json\/wp\/v2\/product\/3399","targetHints":{"allow":["GET"]}}],"collection":[{"href":"https:\/\/hidrosistem.al\/new\/wp-json\/wp\/v2\/product"}],"about":[{"href":"https:\/\/hidrosistem.al\/new\/wp-json\/wp\/v2\/types\/product"}],"version-history":[{"count":1,"href":"https:\/\/hidrosistem.al\/new\/wp-json\/wp\/v2\/product\/3399\/revisions"}],"predecessor-version":[{"id":3402,"href":"https:\/\/hidrosistem.al\/new\/wp-json\/wp\/v2\/product\/3399\/revisions\/3402"}],"wp:featuredmedia":[{"embeddable":true,"href":"https:\/\/hidrosistem.al\/new\/wp-json\/wp\/v2\/media\/3400"}],"wp:attachment":[{"href":"https:\/\/hidrosistem.al\/new\/wp-json\/wp\/v2\/media?parent=3399"}],"wp:term":[{"taxonomy":"product_cat","embeddable":true,"href":"https:\/\/hidrosistem.al\/new\/wp-json\/wp\/v2\/product_cat?post=3399"},{"taxonomy":"product_tag","embeddable":true,"href":"https:\/\/hidrosistem.al\/new\/wp-json\/wp\/v2\/product_tag?post=3399"}],"curies":[{"name":"wp","href":"https:\/\/api.w.org\/{rel}","templated":true}]}}