{"id":3395,"date":"2023-09-22T11:02:08","date_gmt":"2023-09-22T11:02:08","guid":{"rendered":"https:\/\/hidrosistem.al\/new\/?post_type=product&#038;p=3395"},"modified":"2023-09-22T11:02:08","modified_gmt":"2023-09-22T11:02:08","slug":"ats-75-10","status":"publish","type":"product","link":"https:\/\/hidrosistem.al\/new\/product\/ats-75-10\/","title":{"rendered":"ATS 75-10"},"content":{"rendered":"<div class=\"product attribute overview\">\n<div class=\"value\"><span>NGROHES ATS 75-10 STEEL DRURI ideal p\u00ebr k\u00ebdo q\u00eb d\u00ebshiron t\u00eb ngroh\u00eb hap\u00ebsir\u00ebn e tij me djegie t\u00eb thjesht\u00eb dhe ekonomike t\u00eb l\u00ebnd\u00ebve djeg\u00ebse t\u00eb ngurta.<\/span><\/div>\n<\/div>\n","protected":false},"excerpt":{"rendered":"<p>NGROHES ATS 75-10 STEEL DRURI ideal p\u00ebr k\u00ebdo q\u00eb d\u00ebshiron t\u00eb ngroh\u00eb hap\u00ebsir\u00ebn e tij me djegie t\u00eb thjesht\u00eb dhe<\/p>\n","protected":false},"featured_media":3396,"template":"","meta":[],"product_cat":[356],"product_tag":[],"class_list":["post-3395","product","type-product","status-publish","has-post-thumbnail","hentry","product_cat-soba-me-dru"],"_links":{"self":[{"href":"https:\/\/hidrosistem.al\/new\/wp-json\/wp\/v2\/product\/3395","targetHints":{"allow":["GET"]}}],"collection":[{"href":"https:\/\/hidrosistem.al\/new\/wp-json\/wp\/v2\/product"}],"about":[{"href":"https:\/\/hidrosistem.al\/new\/wp-json\/wp\/v2\/types\/product"}],"version-history":[{"count":1,"href":"https:\/\/hidrosistem.al\/new\/wp-json\/wp\/v2\/product\/3395\/revisions"}],"predecessor-version":[{"id":3398,"href":"https:\/\/hidrosistem.al\/new\/wp-json\/wp\/v2\/product\/3395\/revisions\/3398"}],"wp:featuredmedia":[{"embeddable":true,"href":"https:\/\/hidrosistem.al\/new\/wp-json\/wp\/v2\/media\/3396"}],"wp:attachment":[{"href":"https:\/\/hidrosistem.al\/new\/wp-json\/wp\/v2\/media?parent=3395"}],"wp:term":[{"taxonomy":"product_cat","embeddable":true,"href":"https:\/\/hidrosistem.al\/new\/wp-json\/wp\/v2\/product_cat?post=3395"},{"taxonomy":"product_tag","embeddable":true,"href":"https:\/\/hidrosistem.al\/new\/wp-json\/wp\/v2\/product_tag?post=3395"}],"curies":[{"name":"wp","href":"https:\/\/api.w.org\/{rel}","templated":true}]}}