{"id":3391,"date":"2023-09-22T11:00:37","date_gmt":"2023-09-22T11:00:37","guid":{"rendered":"https:\/\/hidrosistem.al\/new\/?post_type=product&#038;p=3391"},"modified":"2023-09-22T11:00:37","modified_gmt":"2023-09-22T11:00:37","slug":"ats-75-20","status":"publish","type":"product","link":"https:\/\/hidrosistem.al\/new\/product\/ats-75-20\/","title":{"rendered":"ATS 75-20"},"content":{"rendered":"<div class=\"product attribute overview\">\n<div class=\"value\"><span>Ngroh\u00ebsi i drurit ATS 75-20 STEEL \u00ebsht\u00eb nj\u00eb sistem ngrohje ekonomike, me konsum t\u00eb ul\u00ebt karburanti dhe efikasitet t\u00eb rritur.<\/span><\/div>\n<\/div>\n","protected":false},"excerpt":{"rendered":"<p>Ngroh\u00ebsi i drurit ATS 75-20 STEEL \u00ebsht\u00eb nj\u00eb sistem ngrohje ekonomike, me konsum t\u00eb ul\u00ebt karburanti dhe efikasitet t\u00eb rritur.<\/p>\n","protected":false},"featured_media":3392,"template":"","meta":[],"product_cat":[356],"product_tag":[],"class_list":["post-3391","product","type-product","status-publish","has-post-thumbnail","hentry","product_cat-soba-me-dru"],"_links":{"self":[{"href":"https:\/\/hidrosistem.al\/new\/wp-json\/wp\/v2\/product\/3391","targetHints":{"allow":["GET"]}}],"collection":[{"href":"https:\/\/hidrosistem.al\/new\/wp-json\/wp\/v2\/product"}],"about":[{"href":"https:\/\/hidrosistem.al\/new\/wp-json\/wp\/v2\/types\/product"}],"version-history":[{"count":1,"href":"https:\/\/hidrosistem.al\/new\/wp-json\/wp\/v2\/product\/3391\/revisions"}],"predecessor-version":[{"id":3394,"href":"https:\/\/hidrosistem.al\/new\/wp-json\/wp\/v2\/product\/3391\/revisions\/3394"}],"wp:featuredmedia":[{"embeddable":true,"href":"https:\/\/hidrosistem.al\/new\/wp-json\/wp\/v2\/media\/3392"}],"wp:attachment":[{"href":"https:\/\/hidrosistem.al\/new\/wp-json\/wp\/v2\/media?parent=3391"}],"wp:term":[{"taxonomy":"product_cat","embeddable":true,"href":"https:\/\/hidrosistem.al\/new\/wp-json\/wp\/v2\/product_cat?post=3391"},{"taxonomy":"product_tag","embeddable":true,"href":"https:\/\/hidrosistem.al\/new\/wp-json\/wp\/v2\/product_tag?post=3391"}],"curies":[{"name":"wp","href":"https:\/\/api.w.org\/{rel}","templated":true}]}}