{"id":3381,"date":"2023-09-22T10:57:16","date_gmt":"2023-09-22T10:57:16","guid":{"rendered":"https:\/\/hidrosistem.al\/new\/?post_type=product&#038;p=3381"},"modified":"2023-09-22T10:57:16","modified_gmt":"2023-09-22T10:57:16","slug":"ats-100-kend","status":"publish","type":"product","link":"https:\/\/hidrosistem.al\/new\/product\/ats-100-kend\/","title":{"rendered":"ATS 100 K\u00cbND"},"content":{"rendered":"<div class=\"product attribute overview\">\n<div class=\"value\"><span>Ngroh\u00ebsi i drurit ATS 100 CORNER CORNER \u00ebsht\u00eb ideal p\u00ebr k\u00ebdo q\u00eb d\u00ebshiron t\u00eb ngroh\u00eb hap\u00ebsir\u00ebn e tij me djegie t\u00eb thjesht\u00eb dhe ekonomike t\u00eb karburantit t\u00eb ngurt\u00eb.<\/span><br \/>\n<span>Me kristal qeramik zjarrdurues q\u00eb i reziston temperaturave deri n\u00eb 750\u00b0C.\u00a0Dizajni ergonomik e b\u00ebn ideal dhe m\u00eb t\u00eb leht\u00eb vendosjen n\u00eb cep t\u00eb sht\u00ebpis\u00eb.<\/span><\/div>\n<\/div>\n","protected":false},"excerpt":{"rendered":"<p>Ngroh\u00ebsi i drurit ATS 100 CORNER CORNER \u00ebsht\u00eb ideal p\u00ebr k\u00ebdo q\u00eb d\u00ebshiron t\u00eb ngroh\u00eb hap\u00ebsir\u00ebn e tij me djegie<\/p>\n","protected":false},"featured_media":3383,"template":"","meta":[],"product_cat":[356],"product_tag":[],"class_list":["post-3381","product","type-product","status-publish","has-post-thumbnail","hentry","product_cat-soba-me-dru"],"_links":{"self":[{"href":"https:\/\/hidrosistem.al\/new\/wp-json\/wp\/v2\/product\/3381","targetHints":{"allow":["GET"]}}],"collection":[{"href":"https:\/\/hidrosistem.al\/new\/wp-json\/wp\/v2\/product"}],"about":[{"href":"https:\/\/hidrosistem.al\/new\/wp-json\/wp\/v2\/types\/product"}],"version-history":[{"count":1,"href":"https:\/\/hidrosistem.al\/new\/wp-json\/wp\/v2\/product\/3381\/revisions"}],"predecessor-version":[{"id":3385,"href":"https:\/\/hidrosistem.al\/new\/wp-json\/wp\/v2\/product\/3381\/revisions\/3385"}],"wp:featuredmedia":[{"embeddable":true,"href":"https:\/\/hidrosistem.al\/new\/wp-json\/wp\/v2\/media\/3383"}],"wp:attachment":[{"href":"https:\/\/hidrosistem.al\/new\/wp-json\/wp\/v2\/media?parent=3381"}],"wp:term":[{"taxonomy":"product_cat","embeddable":true,"href":"https:\/\/hidrosistem.al\/new\/wp-json\/wp\/v2\/product_cat?post=3381"},{"taxonomy":"product_tag","embeddable":true,"href":"https:\/\/hidrosistem.al\/new\/wp-json\/wp\/v2\/product_tag?post=3381"}],"curies":[{"name":"wp","href":"https:\/\/api.w.org\/{rel}","templated":true}]}}