{"id":3374,"date":"2023-09-22T10:52:47","date_gmt":"2023-09-22T10:52:47","guid":{"rendered":"https:\/\/hidrosistem.al\/new\/?post_type=product&#038;p=3374"},"modified":"2023-09-22T10:55:03","modified_gmt":"2023-09-22T10:55:03","slug":"ats-90-30-kend","status":"publish","type":"product","link":"https:\/\/hidrosistem.al\/new\/product\/ats-90-30-kend\/","title":{"rendered":"ATS 90-30 K\u00cbND"},"content":{"rendered":"<div class=\"product attribute overview\">\n<div class=\"value\">NGROHESJA E DRUVE NGA \u00c7ELIK ME FURRE 90-30 K\u00cbND I MAKIN\u00cbS \u00ebsht\u00eb ideal p\u00ebr k\u00ebdo q\u00eb d\u00ebshiron t\u00eb ngroh hap\u00ebsir\u00ebn e tij me l\u00ebnd\u00eb djeg\u00ebse t\u00eb ngurta.Dizajni<br \/>\nergonomik i ngroh\u00ebsit ju jep mund\u00ebsin\u00eb p\u00ebr vendosje t\u00eb leht\u00eb n\u00eb nj\u00eb cep t\u00eb sht\u00ebpis\u00eb.\u00a0Ngroh hap\u00ebsir\u00ebn tuaj dhe paralelisht, ushqimi gatuhet n\u00eb koh\u00ebn m\u00eb t\u00eb shkurt\u00ebr t\u00eb mundshme.\u00a0Ka furr\u00eb, tav\u00eb smalti, grill dhe termomet\u00ebr 0-300\u00b0C.<\/div>\n<\/div>\n","protected":false},"excerpt":{"rendered":"<p>NGROHESJA E DRUVE NGA \u00c7ELIK ME FURRE 90-30 K\u00cbND I MAKIN\u00cbS \u00ebsht\u00eb ideal p\u00ebr k\u00ebdo q\u00eb d\u00ebshiron t\u00eb ngroh hap\u00ebsir\u00ebn<\/p>\n","protected":false},"featured_media":3377,"template":"","meta":[],"product_cat":[356],"product_tag":[],"class_list":["post-3374","product","type-product","status-publish","has-post-thumbnail","hentry","product_cat-soba-me-dru"],"_links":{"self":[{"href":"https:\/\/hidrosistem.al\/new\/wp-json\/wp\/v2\/product\/3374","targetHints":{"allow":["GET"]}}],"collection":[{"href":"https:\/\/hidrosistem.al\/new\/wp-json\/wp\/v2\/product"}],"about":[{"href":"https:\/\/hidrosistem.al\/new\/wp-json\/wp\/v2\/types\/product"}],"version-history":[{"count":2,"href":"https:\/\/hidrosistem.al\/new\/wp-json\/wp\/v2\/product\/3374\/revisions"}],"predecessor-version":[{"id":3379,"href":"https:\/\/hidrosistem.al\/new\/wp-json\/wp\/v2\/product\/3374\/revisions\/3379"}],"wp:featuredmedia":[{"embeddable":true,"href":"https:\/\/hidrosistem.al\/new\/wp-json\/wp\/v2\/media\/3377"}],"wp:attachment":[{"href":"https:\/\/hidrosistem.al\/new\/wp-json\/wp\/v2\/media?parent=3374"}],"wp:term":[{"taxonomy":"product_cat","embeddable":true,"href":"https:\/\/hidrosistem.al\/new\/wp-json\/wp\/v2\/product_cat?post=3374"},{"taxonomy":"product_tag","embeddable":true,"href":"https:\/\/hidrosistem.al\/new\/wp-json\/wp\/v2\/product_tag?post=3374"}],"curies":[{"name":"wp","href":"https:\/\/api.w.org\/{rel}","templated":true}]}}