{"id":3370,"date":"2023-09-22T10:51:00","date_gmt":"2023-09-22T10:51:00","guid":{"rendered":"https:\/\/hidrosistem.al\/new\/?post_type=product&#038;p=3370"},"modified":"2023-09-22T10:51:00","modified_gmt":"2023-09-22T10:51:00","slug":"aero-1050","status":"publish","type":"product","link":"https:\/\/hidrosistem.al\/new\/product\/aero-1050\/","title":{"rendered":"Aero 1050"},"content":{"rendered":"<div class=\"product attribute overview\">\n<div class=\"value\"><span>Ngroh\u00ebsi i drurit me ngrohje AERO 1050 \u00ebsht\u00eb ideal p\u00ebr k\u00ebdo q\u00eb d\u00ebshiron t\u00eb ngroh\u00eb hap\u00ebsir\u00ebn e tij duke p\u00ebrdorur l\u00ebnd\u00eb djeg\u00ebse t\u00eb ngurta dhe aj\u00ebr.\u00a0Kristal qeramik zjarrdurues n\u00eb pjes\u00ebn e p\u00ebrparme q\u00eb i reziston temperaturave deri n\u00eb 750\u00b0C.\u00a0Ka nj\u00eb tifoz me nj\u00eb rregullator rregullues t\u00eb ajrit.\u00a0Ka nj\u00eb en\u00eb (sirtar) n\u00eb fund ku mblidhet hiri duke e b\u00ebr\u00eb m\u00eb t\u00eb leht\u00eb heqjen e tij.<\/span><\/div>\n<\/div>\n","protected":false},"excerpt":{"rendered":"<p>Ngroh\u00ebsi i drurit me ngrohje AERO 1050 \u00ebsht\u00eb ideal p\u00ebr k\u00ebdo q\u00eb d\u00ebshiron t\u00eb ngroh\u00eb hap\u00ebsir\u00ebn e tij duke p\u00ebrdorur<\/p>\n","protected":false},"featured_media":3371,"template":"","meta":[],"product_cat":[356],"product_tag":[],"class_list":["post-3370","product","type-product","status-publish","has-post-thumbnail","hentry","product_cat-soba-me-dru"],"_links":{"self":[{"href":"https:\/\/hidrosistem.al\/new\/wp-json\/wp\/v2\/product\/3370","targetHints":{"allow":["GET"]}}],"collection":[{"href":"https:\/\/hidrosistem.al\/new\/wp-json\/wp\/v2\/product"}],"about":[{"href":"https:\/\/hidrosistem.al\/new\/wp-json\/wp\/v2\/types\/product"}],"version-history":[{"count":1,"href":"https:\/\/hidrosistem.al\/new\/wp-json\/wp\/v2\/product\/3370\/revisions"}],"predecessor-version":[{"id":3373,"href":"https:\/\/hidrosistem.al\/new\/wp-json\/wp\/v2\/product\/3370\/revisions\/3373"}],"wp:featuredmedia":[{"embeddable":true,"href":"https:\/\/hidrosistem.al\/new\/wp-json\/wp\/v2\/media\/3371"}],"wp:attachment":[{"href":"https:\/\/hidrosistem.al\/new\/wp-json\/wp\/v2\/media?parent=3370"}],"wp:term":[{"taxonomy":"product_cat","embeddable":true,"href":"https:\/\/hidrosistem.al\/new\/wp-json\/wp\/v2\/product_cat?post=3370"},{"taxonomy":"product_tag","embeddable":true,"href":"https:\/\/hidrosistem.al\/new\/wp-json\/wp\/v2\/product_tag?post=3370"}],"curies":[{"name":"wp","href":"https:\/\/api.w.org\/{rel}","templated":true}]}}