{"id":3366,"date":"2023-09-22T10:45:26","date_gmt":"2023-09-22T10:45:26","guid":{"rendered":"https:\/\/hidrosistem.al\/new\/?post_type=product&#038;p=3366"},"modified":"2023-09-22T10:45:26","modified_gmt":"2023-09-22T10:45:26","slug":"ats-90-30-masina-aero","status":"publish","type":"product","link":"https:\/\/hidrosistem.al\/new\/product\/ats-90-30-masina-aero\/","title":{"rendered":"ATS 90-30 MASINA AERO"},"content":{"rendered":"<div class=\"product attribute overview\">\n<div class=\"value\"><span>ATS 90-30 MASINA AERO MASINA AJRORE NGROHES DRURI ME FURRE \u00ebsht\u00eb ideale p\u00ebr k\u00ebdo q\u00eb d\u00ebshiron t\u00eb ngroh hap\u00ebsir\u00ebn e tij duke p\u00ebrdorur l\u00ebnd\u00eb djeg\u00ebse t\u00eb ngurta dhe aj\u00ebr.\u00a0Dizajni i furr\u00ebs \u00ebsht\u00eb funksional dhe efikas, duke e b\u00ebr\u00eb gatimin m\u00eb t\u00eb leht\u00eb.\u00a0Kristal qeramik zjarrdurues n\u00eb pjes\u00ebn e p\u00ebrparme q\u00eb i reziston temperaturave deri n\u00eb 750\u00b0C.\u00a0Ka nj\u00eb tifoz me nj\u00eb rregullator rregullues t\u00eb ajrit.\u00a0Ka nj\u00eb en\u00eb (sirtar) n\u00eb fund ku mblidhet hiri duke e b\u00ebr\u00eb m\u00eb t\u00eb leht\u00eb heqjen e tij.\u00a0Me furr\u00eb smalti, tav\u00eb smalti, grill &amp; termomet\u00ebr 0-300\u00b0C.<\/span><\/div>\n<\/div>\n","protected":false},"excerpt":{"rendered":"<p>ATS 90-30 MASINA AERO MASINA AJRORE NGROHES DRURI ME FURRE \u00ebsht\u00eb ideale p\u00ebr k\u00ebdo q\u00eb d\u00ebshiron t\u00eb ngroh hap\u00ebsir\u00ebn e<\/p>\n","protected":false},"featured_media":3367,"template":"","meta":[],"product_cat":[356],"product_tag":[],"class_list":["post-3366","product","type-product","status-publish","has-post-thumbnail","hentry","product_cat-soba-me-dru"],"_links":{"self":[{"href":"https:\/\/hidrosistem.al\/new\/wp-json\/wp\/v2\/product\/3366","targetHints":{"allow":["GET"]}}],"collection":[{"href":"https:\/\/hidrosistem.al\/new\/wp-json\/wp\/v2\/product"}],"about":[{"href":"https:\/\/hidrosistem.al\/new\/wp-json\/wp\/v2\/types\/product"}],"version-history":[{"count":1,"href":"https:\/\/hidrosistem.al\/new\/wp-json\/wp\/v2\/product\/3366\/revisions"}],"predecessor-version":[{"id":3369,"href":"https:\/\/hidrosistem.al\/new\/wp-json\/wp\/v2\/product\/3366\/revisions\/3369"}],"wp:featuredmedia":[{"embeddable":true,"href":"https:\/\/hidrosistem.al\/new\/wp-json\/wp\/v2\/media\/3367"}],"wp:attachment":[{"href":"https:\/\/hidrosistem.al\/new\/wp-json\/wp\/v2\/media?parent=3366"}],"wp:term":[{"taxonomy":"product_cat","embeddable":true,"href":"https:\/\/hidrosistem.al\/new\/wp-json\/wp\/v2\/product_cat?post=3366"},{"taxonomy":"product_tag","embeddable":true,"href":"https:\/\/hidrosistem.al\/new\/wp-json\/wp\/v2\/product_tag?post=3366"}],"curies":[{"name":"wp","href":"https:\/\/api.w.org\/{rel}","templated":true}]}}