{"id":3362,"date":"2023-09-22T10:43:50","date_gmt":"2023-09-22T10:43:50","guid":{"rendered":"https:\/\/hidrosistem.al\/new\/?post_type=product&#038;p=3362"},"modified":"2023-09-22T10:43:50","modified_gmt":"2023-09-22T10:43:50","slug":"ats-100-aero","status":"publish","type":"product","link":"https:\/\/hidrosistem.al\/new\/product\/ats-100-aero\/","title":{"rendered":"ATS 100 AERO"},"content":{"rendered":"<div class=\"product attribute overview\">\n<div class=\"value\"><span>Ngroh\u00ebs druri me ngrohje me aj\u00ebr ATS 100 AERO \u00ebsht\u00eb nj\u00eb sob\u00eb druri elegant dhe shum\u00eb efikase me ngrohje me aj\u00ebr.\u00a0Xham q\u00eb mund t\u00eb p\u00ebrballoj\u00eb temperaturat deri n\u00eb 750 \u00b0 C. Ka nj\u00eb ventilator me nj\u00eb rregullator ajri.\u00a0Ka nj\u00eb en\u00eb (sirtar) n\u00eb fund ku mblidhet hiri duke e b\u00ebr\u00eb m\u00eb t\u00eb leht\u00eb heqjen e tij.<\/span><\/div>\n<\/div>\n","protected":false},"excerpt":{"rendered":"<p>Ngroh\u00ebs druri me ngrohje me aj\u00ebr ATS 100 AERO \u00ebsht\u00eb nj\u00eb sob\u00eb druri elegant dhe shum\u00eb efikase me ngrohje me<\/p>\n","protected":false},"featured_media":3363,"template":"","meta":[],"product_cat":[356],"product_tag":[],"class_list":["post-3362","product","type-product","status-publish","has-post-thumbnail","hentry","product_cat-soba-me-dru"],"_links":{"self":[{"href":"https:\/\/hidrosistem.al\/new\/wp-json\/wp\/v2\/product\/3362","targetHints":{"allow":["GET"]}}],"collection":[{"href":"https:\/\/hidrosistem.al\/new\/wp-json\/wp\/v2\/product"}],"about":[{"href":"https:\/\/hidrosistem.al\/new\/wp-json\/wp\/v2\/types\/product"}],"version-history":[{"count":1,"href":"https:\/\/hidrosistem.al\/new\/wp-json\/wp\/v2\/product\/3362\/revisions"}],"predecessor-version":[{"id":3365,"href":"https:\/\/hidrosistem.al\/new\/wp-json\/wp\/v2\/product\/3362\/revisions\/3365"}],"wp:featuredmedia":[{"embeddable":true,"href":"https:\/\/hidrosistem.al\/new\/wp-json\/wp\/v2\/media\/3363"}],"wp:attachment":[{"href":"https:\/\/hidrosistem.al\/new\/wp-json\/wp\/v2\/media?parent=3362"}],"wp:term":[{"taxonomy":"product_cat","embeddable":true,"href":"https:\/\/hidrosistem.al\/new\/wp-json\/wp\/v2\/product_cat?post=3362"},{"taxonomy":"product_tag","embeddable":true,"href":"https:\/\/hidrosistem.al\/new\/wp-json\/wp\/v2\/product_tag?post=3362"}],"curies":[{"name":"wp","href":"https:\/\/api.w.org\/{rel}","templated":true}]}}