{"id":3358,"date":"2023-09-22T10:42:17","date_gmt":"2023-09-22T10:42:17","guid":{"rendered":"https:\/\/hidrosistem.al\/new\/?post_type=product&#038;p=3358"},"modified":"2023-09-22T10:42:17","modified_gmt":"2023-09-22T10:42:17","slug":"ats-zero-aero","status":"publish","type":"product","link":"https:\/\/hidrosistem.al\/new\/product\/ats-zero-aero\/","title":{"rendered":"ATS ZERO AERO"},"content":{"rendered":"<div class=\"product attribute overview\">\n<div class=\"value\"><span>ATS ZERO AERO STEEL AIR-HEAT WOOD HEATER \u00ebsht\u00eb nj\u00eb ngroh\u00ebs ajri-dru elegant dhe shum\u00eb efikas, me pjes\u00ebn e p\u00ebrparme t\u00eb rrumbullakosur dhe xham q\u00eb mund t\u00eb p\u00ebrballoj\u00eb temperaturat deri n\u00eb 750\u00b0C.\u00a0Ka nj\u00eb tifoz me nj\u00eb rregullator rregullues t\u00eb ajrit.\u00a0Ka nj\u00eb en\u00eb (sirtar) n\u00eb fund ku mblidhet hiri duke e b\u00ebr\u00eb m\u00eb t\u00eb leht\u00eb heqjen e tij.<\/span><\/div>\n<\/div>\n","protected":false},"excerpt":{"rendered":"<p>ATS ZERO AERO STEEL AIR-HEAT WOOD HEATER \u00ebsht\u00eb nj\u00eb ngroh\u00ebs ajri-dru elegant dhe shum\u00eb efikas, me pjes\u00ebn e p\u00ebrparme t\u00eb<\/p>\n","protected":false},"featured_media":3359,"template":"","meta":[],"product_cat":[356],"product_tag":[],"class_list":["post-3358","product","type-product","status-publish","has-post-thumbnail","hentry","product_cat-soba-me-dru"],"_links":{"self":[{"href":"https:\/\/hidrosistem.al\/new\/wp-json\/wp\/v2\/product\/3358","targetHints":{"allow":["GET"]}}],"collection":[{"href":"https:\/\/hidrosistem.al\/new\/wp-json\/wp\/v2\/product"}],"about":[{"href":"https:\/\/hidrosistem.al\/new\/wp-json\/wp\/v2\/types\/product"}],"version-history":[{"count":1,"href":"https:\/\/hidrosistem.al\/new\/wp-json\/wp\/v2\/product\/3358\/revisions"}],"predecessor-version":[{"id":3361,"href":"https:\/\/hidrosistem.al\/new\/wp-json\/wp\/v2\/product\/3358\/revisions\/3361"}],"wp:featuredmedia":[{"embeddable":true,"href":"https:\/\/hidrosistem.al\/new\/wp-json\/wp\/v2\/media\/3359"}],"wp:attachment":[{"href":"https:\/\/hidrosistem.al\/new\/wp-json\/wp\/v2\/media?parent=3358"}],"wp:term":[{"taxonomy":"product_cat","embeddable":true,"href":"https:\/\/hidrosistem.al\/new\/wp-json\/wp\/v2\/product_cat?post=3358"},{"taxonomy":"product_tag","embeddable":true,"href":"https:\/\/hidrosistem.al\/new\/wp-json\/wp\/v2\/product_tag?post=3358"}],"curies":[{"name":"wp","href":"https:\/\/api.w.org\/{rel}","templated":true}]}}