{"id":3354,"date":"2023-09-22T10:39:58","date_gmt":"2023-09-22T10:39:58","guid":{"rendered":"https:\/\/hidrosistem.al\/new\/?post_type=product&#038;p=3354"},"modified":"2023-09-22T16:02:52","modified_gmt":"2023-09-22T16:02:52","slug":"ats-hydro-25kw","status":"publish","type":"product","link":"https:\/\/hidrosistem.al\/new\/product\/ats-hydro-25kw\/","title":{"rendered":"ATS HYDRO 25KW"},"content":{"rendered":"<div class=\"product attribute overview\">\n<div class=\"value\">NGROHES DRURI \u00c7ELIK ATS HYDRAULIC 25 \u00ebsht\u00eb nj\u00eb sob\u00eb me dru uji q\u00eb mund t\u00eb ngroh hap\u00ebsir\u00ebn tuaj p\u00ebrmes qarkut t\u00eb radiatorit.<br \/>\nKa nj\u00eb kristal t\u00eb madh qeramik zjarrdurues q\u00eb mund t\u00eb p\u00ebrballoj\u00eb temperaturat deri n\u00eb 750\u00b0C.\u00a0Ka nj\u00eb en\u00eb (sirtar) n\u00eb fund ku mblidhet hiri duke e b\u00ebr\u00eb m\u00eb t\u00eb leht\u00eb heqjen e tij.<\/div>\n<\/div>\n","protected":false},"excerpt":{"rendered":"<p>NGROHES DRURI \u00c7ELIK ATS HYDRAULIC 25 \u00ebsht\u00eb nj\u00eb sob\u00eb me dru uji q\u00eb mund t\u00eb ngroh hap\u00ebsir\u00ebn tuaj p\u00ebrmes qarkut<\/p>\n","protected":false},"featured_media":3355,"template":"","meta":[],"product_cat":[365],"product_tag":[],"class_list":["post-3354","product","type-product","status-publish","has-post-thumbnail","hentry","product_cat-kaldaja-druri"],"_links":{"self":[{"href":"https:\/\/hidrosistem.al\/new\/wp-json\/wp\/v2\/product\/3354","targetHints":{"allow":["GET"]}}],"collection":[{"href":"https:\/\/hidrosistem.al\/new\/wp-json\/wp\/v2\/product"}],"about":[{"href":"https:\/\/hidrosistem.al\/new\/wp-json\/wp\/v2\/types\/product"}],"version-history":[{"count":2,"href":"https:\/\/hidrosistem.al\/new\/wp-json\/wp\/v2\/product\/3354\/revisions"}],"predecessor-version":[{"id":3485,"href":"https:\/\/hidrosistem.al\/new\/wp-json\/wp\/v2\/product\/3354\/revisions\/3485"}],"wp:featuredmedia":[{"embeddable":true,"href":"https:\/\/hidrosistem.al\/new\/wp-json\/wp\/v2\/media\/3355"}],"wp:attachment":[{"href":"https:\/\/hidrosistem.al\/new\/wp-json\/wp\/v2\/media?parent=3354"}],"wp:term":[{"taxonomy":"product_cat","embeddable":true,"href":"https:\/\/hidrosistem.al\/new\/wp-json\/wp\/v2\/product_cat?post=3354"},{"taxonomy":"product_tag","embeddable":true,"href":"https:\/\/hidrosistem.al\/new\/wp-json\/wp\/v2\/product_tag?post=3354"}],"curies":[{"name":"wp","href":"https:\/\/api.w.org\/{rel}","templated":true}]}}