{"id":3346,"date":"2023-09-22T10:35:41","date_gmt":"2023-09-22T10:35:41","guid":{"rendered":"https:\/\/hidrosistem.al\/new\/?post_type=product&#038;p=3346"},"modified":"2023-09-22T16:03:19","modified_gmt":"2023-09-22T16:03:19","slug":"ats-hydro-33kw","status":"publish","type":"product","link":"https:\/\/hidrosistem.al\/new\/product\/ats-hydro-33kw\/","title":{"rendered":"ATS HYDRO 33KW"},"content":{"rendered":"<div class=\"product attribute overview\">\n<div class=\"value\">Ngroh\u00ebsi i drurit prej \u00e7eliku ME KALDAZ ATS HYDRAULIC 33 funksionon si kaldaj\u00eb dhe n\u00ebp\u00ebrmjet ujit t\u00eb nxeht\u00eb q\u00eb prodhon mund t\u00eb ngrohim n\u00eb m\u00ebnyr\u00eb t\u00eb barabart\u00eb t\u00eb gjith\u00eb sht\u00ebpin\u00eb ton\u00eb p\u00ebrmes trupave t\u00eb radiatorit.<br \/>\nKa nj\u00eb kristal t\u00eb madh qeramik zjarrdurues q\u00eb mund t\u00eb p\u00ebrballoj\u00eb temperaturat deri n\u00eb 750\u00b0C.\u00a0Ka nj\u00eb en\u00eb (sirtar) n\u00eb fund ku mblidhet hiri duke e b\u00ebr\u00eb m\u00eb t\u00eb leht\u00eb heqjen e tij.<\/div>\n<\/div>\n","protected":false},"excerpt":{"rendered":"<p>Ngroh\u00ebsi i drurit prej \u00e7eliku ME KALDAZ ATS HYDRAULIC 33 funksionon si kaldaj\u00eb dhe n\u00ebp\u00ebrmjet ujit t\u00eb nxeht\u00eb q\u00eb prodhon<\/p>\n","protected":false},"featured_media":3347,"template":"","meta":[],"product_cat":[365],"product_tag":[],"class_list":["post-3346","product","type-product","status-publish","has-post-thumbnail","hentry","product_cat-kaldaja-druri"],"_links":{"self":[{"href":"https:\/\/hidrosistem.al\/new\/wp-json\/wp\/v2\/product\/3346","targetHints":{"allow":["GET"]}}],"collection":[{"href":"https:\/\/hidrosistem.al\/new\/wp-json\/wp\/v2\/product"}],"about":[{"href":"https:\/\/hidrosistem.al\/new\/wp-json\/wp\/v2\/types\/product"}],"version-history":[{"count":2,"href":"https:\/\/hidrosistem.al\/new\/wp-json\/wp\/v2\/product\/3346\/revisions"}],"predecessor-version":[{"id":3486,"href":"https:\/\/hidrosistem.al\/new\/wp-json\/wp\/v2\/product\/3346\/revisions\/3486"}],"wp:featuredmedia":[{"embeddable":true,"href":"https:\/\/hidrosistem.al\/new\/wp-json\/wp\/v2\/media\/3347"}],"wp:attachment":[{"href":"https:\/\/hidrosistem.al\/new\/wp-json\/wp\/v2\/media?parent=3346"}],"wp:term":[{"taxonomy":"product_cat","embeddable":true,"href":"https:\/\/hidrosistem.al\/new\/wp-json\/wp\/v2\/product_cat?post=3346"},{"taxonomy":"product_tag","embeddable":true,"href":"https:\/\/hidrosistem.al\/new\/wp-json\/wp\/v2\/product_tag?post=3346"}],"curies":[{"name":"wp","href":"https:\/\/api.w.org\/{rel}","templated":true}]}}