{"id":3336,"date":"2023-09-22T10:31:08","date_gmt":"2023-09-22T10:31:08","guid":{"rendered":"https:\/\/hidrosistem.al\/new\/?post_type=product&#038;p=3336"},"modified":"2023-09-22T16:04:18","modified_gmt":"2023-09-22T16:04:18","slug":"ats-hydro-machine-90-25","status":"publish","type":"product","link":"https:\/\/hidrosistem.al\/new\/product\/ats-hydro-machine-90-25\/","title":{"rendered":"ATS HYDRO MACHINE 90-25"},"content":{"rendered":"<div class=\"product attribute overview\">\n<div class=\"value\">NGROHES DRURI \u00c7ELIK me KALDA DHE FURRE MAKIN\u00cb HIDRAULIKE 90-25 mund t\u00eb ngroh hap\u00ebsir\u00ebn tuaj n\u00ebp\u00ebrmjet qarkut t\u00eb radiatorit.<br \/>\n\u00cbsht\u00eb i thjesht\u00eb p\u00ebr t&#8217;u instaluar dhe p\u00ebr shkak t\u00eb performanc\u00ebs s\u00eb lart\u00eb dhe ve\u00e7orive t\u00eb ve\u00e7anta, renditet si nj\u00eb nga sobat m\u00eb t\u00eb dobishme dhe ekonomike p\u00ebr ngrohjen e ujit.\u00a0Dizajni i furr\u00ebs \u00ebsht\u00eb funksional dhe efikas, duke e b\u00ebr\u00eb gatimin m\u00eb t\u00eb leht\u00eb.\u00a0Ka nj\u00eb en\u00eb (sirtar) n\u00eb fund ku mblidhet hiri duke e b\u00ebr\u00eb m\u00eb t\u00eb leht\u00eb heqjen e tij.\u00a0Ka furr\u00eb me smalt, tepsi me smalt, grill dhe termomet\u00ebr 0-300oC.<\/div>\n<\/div>\n","protected":false},"excerpt":{"rendered":"<p>NGROHES DRURI \u00c7ELIK me KALDA DHE FURRE MAKIN\u00cb HIDRAULIKE 90-25 mund t\u00eb ngroh hap\u00ebsir\u00ebn tuaj n\u00ebp\u00ebrmjet qarkut t\u00eb radiatorit. \u00cbsht\u00eb<\/p>\n","protected":false},"featured_media":3337,"template":"","meta":[],"product_cat":[365],"product_tag":[],"class_list":["post-3336","product","type-product","status-publish","has-post-thumbnail","hentry","product_cat-kaldaja-druri"],"_links":{"self":[{"href":"https:\/\/hidrosistem.al\/new\/wp-json\/wp\/v2\/product\/3336","targetHints":{"allow":["GET"]}}],"collection":[{"href":"https:\/\/hidrosistem.al\/new\/wp-json\/wp\/v2\/product"}],"about":[{"href":"https:\/\/hidrosistem.al\/new\/wp-json\/wp\/v2\/types\/product"}],"version-history":[{"count":2,"href":"https:\/\/hidrosistem.al\/new\/wp-json\/wp\/v2\/product\/3336\/revisions"}],"predecessor-version":[{"id":3489,"href":"https:\/\/hidrosistem.al\/new\/wp-json\/wp\/v2\/product\/3336\/revisions\/3489"}],"wp:featuredmedia":[{"embeddable":true,"href":"https:\/\/hidrosistem.al\/new\/wp-json\/wp\/v2\/media\/3337"}],"wp:attachment":[{"href":"https:\/\/hidrosistem.al\/new\/wp-json\/wp\/v2\/media?parent=3336"}],"wp:term":[{"taxonomy":"product_cat","embeddable":true,"href":"https:\/\/hidrosistem.al\/new\/wp-json\/wp\/v2\/product_cat?post=3336"},{"taxonomy":"product_tag","embeddable":true,"href":"https:\/\/hidrosistem.al\/new\/wp-json\/wp\/v2\/product_tag?post=3336"}],"curies":[{"name":"wp","href":"https:\/\/api.w.org\/{rel}","templated":true}]}}