{"id":3327,"date":"2023-09-22T10:26:44","date_gmt":"2023-09-22T10:26:44","guid":{"rendered":"https:\/\/hidrosistem.al\/new\/?post_type=product&#038;p=3327"},"modified":"2023-09-22T16:03:34","modified_gmt":"2023-09-22T16:03:34","slug":"ats-hydro-40kw","status":"publish","type":"product","link":"https:\/\/hidrosistem.al\/new\/product\/ats-hydro-40kw\/","title":{"rendered":"ATS HYDRO 40KW"},"content":{"rendered":"<div class=\"product attribute overview\">\n<div class=\"value\">ATS HYDRO 40KW \u00ebsht\u00eb nj\u00eb kaldaj\u00eb druri q\u00eb mund t\u00eb ngroh hap\u00ebsir\u00ebn ton\u00eb p\u00ebrmes qarkut t\u00eb radiatorit.<br \/>\nMe izolim rrethues prej leshi guri 25mm dhe maj\u00eb leshi qeramike 25mm.\u00a0Mund t\u00eb shnd\u00ebrrohet n\u00eb kazan me pelet duke instaluar nj\u00eb djeg\u00ebs.\u00a0\u00cbsht\u00eb i lidhur me nj\u00eb valvul hidrostatik (nuk furnizohet).\u00a0N\u00eb fund ka nj\u00eb en\u00eb (sirtar) ku mblidhet hiri duke e b\u00ebr\u00eb m\u00eb t\u00eb leht\u00eb heqjen e tij.<\/div>\n<\/div>\n","protected":false},"excerpt":{"rendered":"<p>ATS HYDRO 40KW \u00ebsht\u00eb nj\u00eb kaldaj\u00eb druri q\u00eb mund t\u00eb ngroh hap\u00ebsir\u00ebn ton\u00eb p\u00ebrmes qarkut t\u00eb radiatorit. Me izolim rrethues<\/p>\n","protected":false},"featured_media":3328,"template":"","meta":[],"product_cat":[365],"product_tag":[],"class_list":["post-3327","product","type-product","status-publish","has-post-thumbnail","hentry","product_cat-kaldaja-druri"],"_links":{"self":[{"href":"https:\/\/hidrosistem.al\/new\/wp-json\/wp\/v2\/product\/3327","targetHints":{"allow":["GET"]}}],"collection":[{"href":"https:\/\/hidrosistem.al\/new\/wp-json\/wp\/v2\/product"}],"about":[{"href":"https:\/\/hidrosistem.al\/new\/wp-json\/wp\/v2\/types\/product"}],"version-history":[{"count":2,"href":"https:\/\/hidrosistem.al\/new\/wp-json\/wp\/v2\/product\/3327\/revisions"}],"predecessor-version":[{"id":3487,"href":"https:\/\/hidrosistem.al\/new\/wp-json\/wp\/v2\/product\/3327\/revisions\/3487"}],"wp:featuredmedia":[{"embeddable":true,"href":"https:\/\/hidrosistem.al\/new\/wp-json\/wp\/v2\/media\/3328"}],"wp:attachment":[{"href":"https:\/\/hidrosistem.al\/new\/wp-json\/wp\/v2\/media?parent=3327"}],"wp:term":[{"taxonomy":"product_cat","embeddable":true,"href":"https:\/\/hidrosistem.al\/new\/wp-json\/wp\/v2\/product_cat?post=3327"},{"taxonomy":"product_tag","embeddable":true,"href":"https:\/\/hidrosistem.al\/new\/wp-json\/wp\/v2\/product_tag?post=3327"}],"curies":[{"name":"wp","href":"https:\/\/api.w.org\/{rel}","templated":true}]}}