{"id":3322,"date":"2023-09-22T10:22:12","date_gmt":"2023-09-22T10:22:12","guid":{"rendered":"https:\/\/hidrosistem.al\/new\/?post_type=product&#038;p=3322"},"modified":"2023-09-22T16:03:46","modified_gmt":"2023-09-22T16:03:46","slug":"ats-plus-hydro","status":"publish","type":"product","link":"https:\/\/hidrosistem.al\/new\/product\/ats-plus-hydro\/","title":{"rendered":"ATS PLUS HYDRO"},"content":{"rendered":"<div class=\"product attribute overview\">\n<div class=\"value\">ATS PLUS HYDRO \u00ebsht\u00eb nj\u00eb en\u00eb gatimi me l\u00ebnd\u00eb djeg\u00ebse t\u00eb ngurt\u00eb q\u00eb lidhet me spiralen e radiatorit.\u00a0Ka 2 pjata (syt\u00eb) prej gize si dhe furr\u00eb me smalt, skar\u00eb dhe termomet\u00ebr.\u00a0Dhoma shtes\u00eb e ngrohjes mbi ngroh\u00ebs siguron kushte ideale p\u00ebr ruajtjen e temperatur\u00ebs s\u00eb ushqimit.\u00a0Ka hap\u00ebsir\u00eb \u200b\u200bshtes\u00eb magazinimi dhe nj\u00eb termomet\u00ebr.<\/div>\n<\/div>\n","protected":false},"excerpt":{"rendered":"<p>ATS PLUS HYDRO \u00ebsht\u00eb nj\u00eb en\u00eb gatimi me l\u00ebnd\u00eb djeg\u00ebse t\u00eb ngurt\u00eb q\u00eb lidhet me spiralen e radiatorit.\u00a0Ka 2 pjata<\/p>\n","protected":false},"featured_media":3323,"template":"","meta":[],"product_cat":[365],"product_tag":[],"class_list":["post-3322","product","type-product","status-publish","has-post-thumbnail","hentry","product_cat-kaldaja-druri"],"_links":{"self":[{"href":"https:\/\/hidrosistem.al\/new\/wp-json\/wp\/v2\/product\/3322","targetHints":{"allow":["GET"]}}],"collection":[{"href":"https:\/\/hidrosistem.al\/new\/wp-json\/wp\/v2\/product"}],"about":[{"href":"https:\/\/hidrosistem.al\/new\/wp-json\/wp\/v2\/types\/product"}],"version-history":[{"count":2,"href":"https:\/\/hidrosistem.al\/new\/wp-json\/wp\/v2\/product\/3322\/revisions"}],"predecessor-version":[{"id":3326,"href":"https:\/\/hidrosistem.al\/new\/wp-json\/wp\/v2\/product\/3322\/revisions\/3326"}],"wp:featuredmedia":[{"embeddable":true,"href":"https:\/\/hidrosistem.al\/new\/wp-json\/wp\/v2\/media\/3323"}],"wp:attachment":[{"href":"https:\/\/hidrosistem.al\/new\/wp-json\/wp\/v2\/media?parent=3322"}],"wp:term":[{"taxonomy":"product_cat","embeddable":true,"href":"https:\/\/hidrosistem.al\/new\/wp-json\/wp\/v2\/product_cat?post=3322"},{"taxonomy":"product_tag","embeddable":true,"href":"https:\/\/hidrosistem.al\/new\/wp-json\/wp\/v2\/product_tag?post=3322"}],"curies":[{"name":"wp","href":"https:\/\/api.w.org\/{rel}","templated":true}]}}