{"id":3299,"date":"2023-09-22T10:01:28","date_gmt":"2023-09-22T10:01:28","guid":{"rendered":"https:\/\/hidrosistem.al\/new\/?post_type=product&#038;p=3299"},"modified":"2023-09-22T15:01:01","modified_gmt":"2023-09-22T15:01:01","slug":"hall-9kw","status":"publish","type":"product","link":"https:\/\/hidrosistem.al\/new\/product\/hall-9kw\/","title":{"rendered":"HALL 9KW"},"content":{"rendered":"<div class=\"product attribute overview\">\n<div class=\"value\"><span>Ngroh\u00ebsit me aj\u00ebr t\u00eb nxeht\u00eb PELLET HALL 9 ka dy m\u00ebnyra t\u00eb shp\u00ebrndarjes s\u00eb ajrit t\u00eb nxeht\u00eb, nj\u00eb n\u00eb pjes\u00ebn e p\u00ebrparme {n\u00eb gril\u00eb}, dhe dy opsione n\u00eb pjes\u00ebn e pasme t\u00eb ngroh\u00ebsit me furnizim \u03c680.\u00a0Dizajni i tij ergonomik ofron mund\u00ebsin\u00eb e vendosjes s\u00eb ngroh\u00ebsit n\u00eb hap\u00ebsira q\u00eb m\u00eb par\u00eb nuk ishin t\u00eb mundshme p\u00ebr shkak t\u00eb madh\u00ebsis\u00eb.<\/span><br \/>\n<span>Ka nj\u00eb ekran p\u00ebrdoruesi t\u00eb leht\u00eb p\u00ebr t&#8217;u lexuar.\u00a0Fuqia e djegies dhe intensiteti i ventilatorit mund t\u00eb rregullohen n\u00eb 5 nivele t\u00eb ndryshme sipas nevojave tuaja.\u00a0Ka nj\u00eb koh\u00ebmat\u00ebs q\u00eb p\u00ebrcakton koh\u00ebn e fillimit dhe fikjes, si dhe llojin e funksionimit.<\/span><br \/>\n<span>P\u00ebrve\u00e7 k\u00ebsaj, ekziston nj\u00eb sensor i integruar i temperatur\u00ebs s\u00eb dhom\u00ebs.<\/span><br \/>\n<span>Ai gjithashtu ofron nj\u00eb sistem t\u00eb zgjuar t\u00eb diagnostikimit.<\/span><\/div>\n<\/div>\n","protected":false},"excerpt":{"rendered":"<p>Ngroh\u00ebsit me aj\u00ebr t\u00eb nxeht\u00eb PELLET HALL 9 ka dy m\u00ebnyra t\u00eb shp\u00ebrndarjes s\u00eb ajrit t\u00eb nxeht\u00eb, nj\u00eb n\u00eb pjes\u00ebn<\/p>\n","protected":false},"featured_media":3296,"template":"","meta":[],"product_cat":[357],"product_tag":[],"class_list":["post-3299","product","type-product","status-publish","has-post-thumbnail","hentry","product_cat-soba-me-pelet"],"_links":{"self":[{"href":"https:\/\/hidrosistem.al\/new\/wp-json\/wp\/v2\/product\/3299","targetHints":{"allow":["GET"]}}],"collection":[{"href":"https:\/\/hidrosistem.al\/new\/wp-json\/wp\/v2\/product"}],"about":[{"href":"https:\/\/hidrosistem.al\/new\/wp-json\/wp\/v2\/types\/product"}],"version-history":[{"count":1,"href":"https:\/\/hidrosistem.al\/new\/wp-json\/wp\/v2\/product\/3299\/revisions"}],"predecessor-version":[{"id":3301,"href":"https:\/\/hidrosistem.al\/new\/wp-json\/wp\/v2\/product\/3299\/revisions\/3301"}],"wp:featuredmedia":[{"embeddable":true,"href":"https:\/\/hidrosistem.al\/new\/wp-json\/wp\/v2\/media\/3296"}],"wp:attachment":[{"href":"https:\/\/hidrosistem.al\/new\/wp-json\/wp\/v2\/media?parent=3299"}],"wp:term":[{"taxonomy":"product_cat","embeddable":true,"href":"https:\/\/hidrosistem.al\/new\/wp-json\/wp\/v2\/product_cat?post=3299"},{"taxonomy":"product_tag","embeddable":true,"href":"https:\/\/hidrosistem.al\/new\/wp-json\/wp\/v2\/product_tag?post=3299"}],"curies":[{"name":"wp","href":"https:\/\/api.w.org\/{rel}","templated":true}]}}