{"id":3285,"date":"2023-09-22T09:54:03","date_gmt":"2023-09-22T09:54:03","guid":{"rendered":"https:\/\/hidrosistem.al\/new\/?post_type=product&#038;p=3285"},"modified":"2023-09-22T15:00:21","modified_gmt":"2023-09-22T15:00:21","slug":"aero-14kw-canalati","status":"publish","type":"product","link":"https:\/\/hidrosistem.al\/new\/product\/aero-14kw-canalati\/","title":{"rendered":"AERO 14KW CANALATI"},"content":{"rendered":"<div class=\"product attribute overview\">\n<div class=\"value\"><span>NGROHES AJRI 14KW KANALATI \u00ebsht\u00eb nj\u00eb stuf\u00eb elegante dhe shum\u00eb efikase e ngrohjes me pelet me aj\u00ebr, me kristal qeramike zjarrduruese deri n\u00eb 750\u00b0C.<\/span><br \/>\n<span>Dizajni i tij bashk\u00ebkohor dhe modern e b\u00ebn at\u00eb ideal p\u00ebr \u00e7do sht\u00ebpi.\u00a0Ka dy ventilator\u00eb me aj\u00ebr t\u00eb nxeht\u00eb, duke shp\u00ebrndar\u00eb nxeht\u00ebsin\u00eb edhe n\u00eb dhom\u00ebn m\u00eb t\u00eb larg\u00ebt t\u00eb sht\u00ebpis\u00eb.\u00a0Nj\u00eb n\u00eb pjes\u00ebn e p\u00ebrparme (n\u00eb gril\u00eb), dhe dy opsione n\u00eb pjes\u00ebn e pasme t\u00eb ngroh\u00ebsit me nj\u00eb rrjedhje \u03c680.\u00a0Ka nj\u00eb ekran p\u00ebrdoruesi t\u00eb leht\u00eb p\u00ebr t&#8217;u lexuar.\u00a0Fuqia e djegies dhe intensiteti i ventilatorit mund t\u00eb rregullohen n\u00eb 5 nivele t\u00eb ndryshme sipas nevojave tuaja.<\/span><br \/>\n<span>Ka nj\u00eb koh\u00ebmat\u00ebs q\u00eb p\u00ebrcakton koh\u00ebn e fillimit dhe fikjes, si dhe llojin e funksionimit.<\/span><br \/>\n<span>P\u00ebrve\u00e7 k\u00ebsaj, ekziston nj\u00eb sensor i integruar i temperatur\u00ebs s\u00eb dhom\u00ebs.\u00a0Ai gjithashtu ofron nj\u00eb sistem t\u00eb zgjuar t\u00eb diagnostikimit.<\/span><\/div>\n<\/div>\n","protected":false},"excerpt":{"rendered":"<p>NGROHES AJRI 14KW KANALATI \u00ebsht\u00eb nj\u00eb stuf\u00eb elegante dhe shum\u00eb efikase e ngrohjes me pelet me aj\u00ebr, me kristal qeramike<\/p>\n","protected":false},"featured_media":3287,"template":"","meta":[],"product_cat":[357],"product_tag":[],"class_list":["post-3285","product","type-product","status-publish","has-post-thumbnail","hentry","product_cat-soba-me-pelet"],"_links":{"self":[{"href":"https:\/\/hidrosistem.al\/new\/wp-json\/wp\/v2\/product\/3285","targetHints":{"allow":["GET"]}}],"collection":[{"href":"https:\/\/hidrosistem.al\/new\/wp-json\/wp\/v2\/product"}],"about":[{"href":"https:\/\/hidrosistem.al\/new\/wp-json\/wp\/v2\/types\/product"}],"version-history":[{"count":1,"href":"https:\/\/hidrosistem.al\/new\/wp-json\/wp\/v2\/product\/3285\/revisions"}],"predecessor-version":[{"id":3289,"href":"https:\/\/hidrosistem.al\/new\/wp-json\/wp\/v2\/product\/3285\/revisions\/3289"}],"wp:featuredmedia":[{"embeddable":true,"href":"https:\/\/hidrosistem.al\/new\/wp-json\/wp\/v2\/media\/3287"}],"wp:attachment":[{"href":"https:\/\/hidrosistem.al\/new\/wp-json\/wp\/v2\/media?parent=3285"}],"wp:term":[{"taxonomy":"product_cat","embeddable":true,"href":"https:\/\/hidrosistem.al\/new\/wp-json\/wp\/v2\/product_cat?post=3285"},{"taxonomy":"product_tag","embeddable":true,"href":"https:\/\/hidrosistem.al\/new\/wp-json\/wp\/v2\/product_tag?post=3285"}],"curies":[{"name":"wp","href":"https:\/\/api.w.org\/{rel}","templated":true}]}}