{"id":3281,"date":"2023-09-22T09:51:22","date_gmt":"2023-09-22T09:51:22","guid":{"rendered":"https:\/\/hidrosistem.al\/new\/?post_type=product&#038;p=3281"},"modified":"2023-09-22T15:00:09","modified_gmt":"2023-09-22T15:00:09","slug":"aero-12kw","status":"publish","type":"product","link":"https:\/\/hidrosistem.al\/new\/product\/aero-12kw\/","title":{"rendered":"AERO 12KW"},"content":{"rendered":"<div class=\"product attribute overview\">\n<div class=\"value\"><span>NGROHES AJRI ME FURRE PELLET MASINA AERO 12 \u00ebsht\u00eb furr\u00eb me pelet me furr\u00eb dhe ngroh\u00ebs ajri dhe fal\u00eb efikasitetit jasht\u00ebzakonisht t\u00eb lart\u00eb energjetik, siguron kushte ideale t\u00eb temperatur\u00ebs dhe komfortit n\u00eb hap\u00ebsir\u00ebn tuaj.\u00a0Dizajni i furr\u00ebs \u00ebsht\u00eb funksional dhe efikas, duke e b\u00ebr\u00eb gatimin m\u00eb t\u00eb leht\u00eb.\u00a0Ka nj\u00eb ekran p\u00ebrdoruesi t\u00eb leht\u00eb p\u00ebr t&#8217;u lexuar.\u00a0Fuqia e djegies dhe intensiteti i ventilatorit mund t\u00eb rregullohen n\u00eb 5 nivele t\u00eb ndryshme sipas nevojave tuaja.\u00a0Ka nj\u00eb koh\u00ebmat\u00ebs q\u00eb p\u00ebrcakton koh\u00ebn e fillimit dhe fikjes, si dhe llojin e funksionimit.<\/span><br \/>\n<span>P\u00ebrve\u00e7 k\u00ebsaj, ekziston nj\u00eb sensor i integruar i temperatur\u00ebs s\u00eb dhom\u00ebs.<\/span><br \/>\n<span>Ai gjithashtu ofron nj\u00eb sistem t\u00eb zgjuar t\u00eb diagnostikimit.<\/span><br \/>\n<span>Furra \u00ebsht\u00eb e emaluar dhe ka nj\u00eb tepsi dhe nj\u00eb termomet\u00ebr.<\/span><\/div>\n<\/div>\n","protected":false},"excerpt":{"rendered":"<p>NGROHES AJRI ME FURRE PELLET MASINA AERO 12 \u00ebsht\u00eb furr\u00eb me pelet me furr\u00eb dhe ngroh\u00ebs ajri dhe fal\u00eb efikasitetit<\/p>\n","protected":false},"featured_media":3282,"template":"","meta":[],"product_cat":[357],"product_tag":[],"class_list":["post-3281","product","type-product","status-publish","has-post-thumbnail","hentry","product_cat-soba-me-pelet"],"_links":{"self":[{"href":"https:\/\/hidrosistem.al\/new\/wp-json\/wp\/v2\/product\/3281","targetHints":{"allow":["GET"]}}],"collection":[{"href":"https:\/\/hidrosistem.al\/new\/wp-json\/wp\/v2\/product"}],"about":[{"href":"https:\/\/hidrosistem.al\/new\/wp-json\/wp\/v2\/types\/product"}],"version-history":[{"count":1,"href":"https:\/\/hidrosistem.al\/new\/wp-json\/wp\/v2\/product\/3281\/revisions"}],"predecessor-version":[{"id":3284,"href":"https:\/\/hidrosistem.al\/new\/wp-json\/wp\/v2\/product\/3281\/revisions\/3284"}],"wp:featuredmedia":[{"embeddable":true,"href":"https:\/\/hidrosistem.al\/new\/wp-json\/wp\/v2\/media\/3282"}],"wp:attachment":[{"href":"https:\/\/hidrosistem.al\/new\/wp-json\/wp\/v2\/media?parent=3281"}],"wp:term":[{"taxonomy":"product_cat","embeddable":true,"href":"https:\/\/hidrosistem.al\/new\/wp-json\/wp\/v2\/product_cat?post=3281"},{"taxonomy":"product_tag","embeddable":true,"href":"https:\/\/hidrosistem.al\/new\/wp-json\/wp\/v2\/product_tag?post=3281"}],"curies":[{"name":"wp","href":"https:\/\/api.w.org\/{rel}","templated":true}]}}