{"id":3271,"date":"2023-09-22T09:43:51","date_gmt":"2023-09-22T09:43:51","guid":{"rendered":"https:\/\/hidrosistem.al\/new\/?post_type=product&#038;p=3271"},"modified":"2023-09-22T14:59:32","modified_gmt":"2023-09-22T14:59:32","slug":"dual-aero","status":"publish","type":"product","link":"https:\/\/hidrosistem.al\/new\/product\/dual-aero\/","title":{"rendered":"DUAL AERO"},"content":{"rendered":"<div class=\"product attribute overview\">\n<div class=\"value\">Ngroh\u00ebs me ngrohje me aj\u00ebr q\u00eb punon me dru ose pelet.\u00a0Kur temperatura nga djegia e drurit bie, ngroh\u00ebsi funksionon automatikisht me pelet.\u00a0Ngroh\u00ebsi siguron ndezjen automatike (peleti ndez drurin).\u00a0Fuqia e djegies dhe intensiteti i ventilatorit mund t\u00eb rregullohen n\u00eb 5 nivele t\u00eb ndryshme sipas nevojave tuaja.Ka koh\u00ebmat\u00ebs q\u00eb p\u00ebrcakton koh\u00ebn e aktivizimit dhe \u00e7aktivizimit si dhe llojin e funksionimit.<\/div>\n<\/div>\n","protected":false},"excerpt":{"rendered":"<p>Ngroh\u00ebs me ngrohje me aj\u00ebr q\u00eb punon me dru ose pelet.\u00a0Kur temperatura nga djegia e drurit bie, ngroh\u00ebsi funksionon automatikisht<\/p>\n","protected":false},"featured_media":3273,"template":"","meta":[],"product_cat":[348,357],"product_tag":[],"class_list":["post-3271","product","type-product","status-publish","has-post-thumbnail","hentry","product_cat-soba","product_cat-soba-me-pelet"],"_links":{"self":[{"href":"https:\/\/hidrosistem.al\/new\/wp-json\/wp\/v2\/product\/3271","targetHints":{"allow":["GET"]}}],"collection":[{"href":"https:\/\/hidrosistem.al\/new\/wp-json\/wp\/v2\/product"}],"about":[{"href":"https:\/\/hidrosistem.al\/new\/wp-json\/wp\/v2\/types\/product"}],"version-history":[{"count":2,"href":"https:\/\/hidrosistem.al\/new\/wp-json\/wp\/v2\/product\/3271\/revisions"}],"predecessor-version":[{"id":3275,"href":"https:\/\/hidrosistem.al\/new\/wp-json\/wp\/v2\/product\/3271\/revisions\/3275"}],"wp:featuredmedia":[{"embeddable":true,"href":"https:\/\/hidrosistem.al\/new\/wp-json\/wp\/v2\/media\/3273"}],"wp:attachment":[{"href":"https:\/\/hidrosistem.al\/new\/wp-json\/wp\/v2\/media?parent=3271"}],"wp:term":[{"taxonomy":"product_cat","embeddable":true,"href":"https:\/\/hidrosistem.al\/new\/wp-json\/wp\/v2\/product_cat?post=3271"},{"taxonomy":"product_tag","embeddable":true,"href":"https:\/\/hidrosistem.al\/new\/wp-json\/wp\/v2\/product_tag?post=3271"}],"curies":[{"name":"wp","href":"https:\/\/api.w.org\/{rel}","templated":true}]}}