{"id":3258,"date":"2023-09-22T09:31:23","date_gmt":"2023-09-22T09:31:23","guid":{"rendered":"https:\/\/hidrosistem.al\/new\/?post_type=product&#038;p=3258"},"modified":"2023-09-22T15:55:19","modified_gmt":"2023-09-22T15:55:19","slug":"pellet-hydro-15kw","status":"publish","type":"product","link":"https:\/\/hidrosistem.al\/new\/product\/pellet-hydro-15kw\/","title":{"rendered":"PELLET HYDRO 15KW"},"content":{"rendered":"<div class=\"product attribute overview\">\n<div class=\"value\">PELLET HYDRAULIC 15KW \u00ebsht\u00eb nj\u00eb zgjidhje ve\u00e7an\u00ebrisht e cil\u00ebsis\u00eb s\u00eb lart\u00eb p\u00ebr ngrohje efikase.\u00a0Ai gjithashtu mund t\u00eb ngroh hap\u00ebsir\u00ebn tuaj p\u00ebrmes qarkut t\u00eb radiatorit.<br \/>\nMe kristal qeramike zjarrduruese rezistente deri ne 750\u00b0C.\u00a0Me nj\u00eb ekran p\u00ebrdoruesi t\u00eb leht\u00eb p\u00ebr t&#8217;u lexuar.\u00a0Fuqia e djegies dhe intensiteti i ventilatorit mund t\u00eb rregullohen n\u00eb 5 nivele t\u00eb ndryshme sipas nevojave tuaja.\u00a0Ka nj\u00eb koh\u00ebmat\u00ebs q\u00eb p\u00ebrcakton koh\u00ebn e fillimit dhe fikjes, si dhe llojin e funksionimit.<br \/>\nP\u00ebrve\u00e7 k\u00ebsaj, ekziston nj\u00eb sensor i integruar i temperatur\u00ebs s\u00eb dhom\u00ebs.<br \/>\nOfron sistem inteligjent diagnostikimi.\u00a0Ka qarkullues, rezervuar zgjerimi,<br \/>\nmund te perdoret si njesi individuale ne banesa apo shtepi me konsum te ulet energjie.<\/div>\n<\/div>\n","protected":false},"excerpt":{"rendered":"<p>PELLET HYDRAULIC 15KW \u00ebsht\u00eb nj\u00eb zgjidhje ve\u00e7an\u00ebrisht e cil\u00ebsis\u00eb s\u00eb lart\u00eb p\u00ebr ngrohje efikase.\u00a0Ai gjithashtu mund t\u00eb ngroh hap\u00ebsir\u00ebn tuaj<\/p>\n","protected":false},"featured_media":3259,"template":"","meta":[],"product_cat":[366],"product_tag":[],"class_list":["post-3258","product","type-product","status-publish","has-post-thumbnail","hentry","product_cat-kaldaja-me-pelet"],"_links":{"self":[{"href":"https:\/\/hidrosistem.al\/new\/wp-json\/wp\/v2\/product\/3258","targetHints":{"allow":["GET"]}}],"collection":[{"href":"https:\/\/hidrosistem.al\/new\/wp-json\/wp\/v2\/product"}],"about":[{"href":"https:\/\/hidrosistem.al\/new\/wp-json\/wp\/v2\/types\/product"}],"version-history":[{"count":2,"href":"https:\/\/hidrosistem.al\/new\/wp-json\/wp\/v2\/product\/3258\/revisions"}],"predecessor-version":[{"id":3262,"href":"https:\/\/hidrosistem.al\/new\/wp-json\/wp\/v2\/product\/3258\/revisions\/3262"}],"wp:featuredmedia":[{"embeddable":true,"href":"https:\/\/hidrosistem.al\/new\/wp-json\/wp\/v2\/media\/3259"}],"wp:attachment":[{"href":"https:\/\/hidrosistem.al\/new\/wp-json\/wp\/v2\/media?parent=3258"}],"wp:term":[{"taxonomy":"product_cat","embeddable":true,"href":"https:\/\/hidrosistem.al\/new\/wp-json\/wp\/v2\/product_cat?post=3258"},{"taxonomy":"product_tag","embeddable":true,"href":"https:\/\/hidrosistem.al\/new\/wp-json\/wp\/v2\/product_tag?post=3258"}],"curies":[{"name":"wp","href":"https:\/\/api.w.org\/{rel}","templated":true}]}}