{"id":3249,"date":"2023-09-22T09:22:10","date_gmt":"2023-09-22T09:22:10","guid":{"rendered":"https:\/\/hidrosistem.al\/new\/?post_type=product&#038;p=3249"},"modified":"2023-09-22T15:56:01","modified_gmt":"2023-09-22T15:56:01","slug":"pellet-hydro-33kw","status":"publish","type":"product","link":"https:\/\/hidrosistem.al\/new\/product\/pellet-hydro-33kw\/","title":{"rendered":"PELLET HYDRO 33KW"},"content":{"rendered":"<p>PELLET HYDRAULIKI 33 \u00ebsht\u00eb nj\u00eb sob\u00eb elegant me pelet q\u00eb mund t\u00eb ngroh hap\u00ebsir\u00ebn tuaj p\u00ebrmes qarkut t\u00eb radiatorit. Ka ndezje vertikale (kaput\u00eb) duke transferuar n\u00eb m\u00ebnyr\u00eb efektive nxeht\u00ebsin\u00eb n\u00eb uj\u00eb.<br \/>\nMe kristal qeramike zjarrduruese rezistente deri ne 750\u00b0C. Me nj\u00eb ekran p\u00ebrdoruesi t\u00eb leht\u00eb p\u00ebr t&#8217;u lexuar. Ka nj\u00eb koh\u00ebmat\u00ebs q\u00eb p\u00ebrcakton koh\u00ebn e fillimit dhe mbylljes, si dhe m\u00ebnyr\u00ebn e funksionimit. P\u00ebrve\u00e7 k\u00ebsaj, ka nj\u00eb sensor t\u00eb integruar t\u00eb temperatur\u00ebs s\u00eb dhom\u00ebs dhe ofron nj\u00eb sistem t\u00eb zgjuar diagnostikimi.<br \/>\nGjithashtu ka nj\u00eb qarkullues dhe nj\u00eb rezervuar zgjerimi.<\/p>\n","protected":false},"excerpt":{"rendered":"<p>PELLET HYDRAULIKI 33 \u00ebsht\u00eb nj\u00eb sob\u00eb elegant me pelet q\u00eb mund t\u00eb ngroh hap\u00ebsir\u00ebn tuaj p\u00ebrmes qarkut t\u00eb radiatorit. Ka<\/p>\n","protected":false},"featured_media":3251,"template":"","meta":[],"product_cat":[366],"product_tag":[],"class_list":["post-3249","product","type-product","status-publish","has-post-thumbnail","hentry","product_cat-kaldaja-me-pelet"],"_links":{"self":[{"href":"https:\/\/hidrosistem.al\/new\/wp-json\/wp\/v2\/product\/3249","targetHints":{"allow":["GET"]}}],"collection":[{"href":"https:\/\/hidrosistem.al\/new\/wp-json\/wp\/v2\/product"}],"about":[{"href":"https:\/\/hidrosistem.al\/new\/wp-json\/wp\/v2\/types\/product"}],"version-history":[{"count":1,"href":"https:\/\/hidrosistem.al\/new\/wp-json\/wp\/v2\/product\/3249\/revisions"}],"predecessor-version":[{"id":3250,"href":"https:\/\/hidrosistem.al\/new\/wp-json\/wp\/v2\/product\/3249\/revisions\/3250"}],"wp:featuredmedia":[{"embeddable":true,"href":"https:\/\/hidrosistem.al\/new\/wp-json\/wp\/v2\/media\/3251"}],"wp:attachment":[{"href":"https:\/\/hidrosistem.al\/new\/wp-json\/wp\/v2\/media?parent=3249"}],"wp:term":[{"taxonomy":"product_cat","embeddable":true,"href":"https:\/\/hidrosistem.al\/new\/wp-json\/wp\/v2\/product_cat?post=3249"},{"taxonomy":"product_tag","embeddable":true,"href":"https:\/\/hidrosistem.al\/new\/wp-json\/wp\/v2\/product_tag?post=3249"}],"curies":[{"name":"wp","href":"https:\/\/api.w.org\/{rel}","templated":true}]}}