{"id":3192,"date":"2023-09-22T07:05:48","date_gmt":"2023-09-22T07:05:48","guid":{"rendered":"https:\/\/hidrosistem.al\/new\/?post_type=product&#038;p=3192"},"modified":"2023-09-30T08:33:42","modified_gmt":"2023-09-30T08:33:42","slug":"daikin-altherma-3-r-erga06-08evh","status":"publish","type":"product","link":"https:\/\/hidrosistem.al\/new\/product\/daikin-altherma-3-r-erga06-08evh\/","title":{"rendered":"Daikin Altherma 3 R &#8211; ERGA06-08EVH"},"content":{"rendered":"<p><strong>Ndarje Daikin Altherma p\u00ebr temperatur\u00eb t\u00eb ul\u00ebt<\/strong><\/p>\n<ul>\n<li>Kombinimi me teknologjin\u00eb R-32 Bluevolution redukton ndikimin n\u00eb mjedis me 68% krahasuar me R-410A, duke sjell\u00eb menj\u00ebher\u00eb konsum m\u00eb t\u00eb ul\u00ebt t\u00eb energjis\u00eb fal\u00eb efikasitetit t\u00eb saj t\u00eb lart\u00eb energjetik, si dhe ka deri n\u00eb 16% m\u00eb pak mbushje me agjent ftoh\u00ebs<\/li>\n<li>Nj\u00ebsia e jashtme nxjerr nxeht\u00ebsi nga ajri i jasht\u00ebm edhe n\u00eb -25\u00b0C<\/li>\n<li>P\u00ebrfshihet fisheku WLAN<\/li>\n<\/ul>\n","protected":false},"excerpt":{"rendered":"<p>Ndarje Daikin Altherma p\u00ebr temperatur\u00eb t\u00eb ul\u00ebt Kombinimi me teknologjin\u00eb R-32 Bluevolution redukton ndikimin n\u00eb mjedis me 68% krahasuar me<\/p>\n","protected":false},"featured_media":3194,"template":"","meta":[],"product_cat":[323,326,339],"product_tag":[],"class_list":["post-3192","product","type-product","status-publish","has-post-thumbnail","hentry","product_cat-sisteme-ngrohje-ftohje","product_cat-kondicionimi","product_cat-altherma"],"_links":{"self":[{"href":"https:\/\/hidrosistem.al\/new\/wp-json\/wp\/v2\/product\/3192","targetHints":{"allow":["GET"]}}],"collection":[{"href":"https:\/\/hidrosistem.al\/new\/wp-json\/wp\/v2\/product"}],"about":[{"href":"https:\/\/hidrosistem.al\/new\/wp-json\/wp\/v2\/types\/product"}],"version-history":[{"count":1,"href":"https:\/\/hidrosistem.al\/new\/wp-json\/wp\/v2\/product\/3192\/revisions"}],"predecessor-version":[{"id":3193,"href":"https:\/\/hidrosistem.al\/new\/wp-json\/wp\/v2\/product\/3192\/revisions\/3193"}],"wp:featuredmedia":[{"embeddable":true,"href":"https:\/\/hidrosistem.al\/new\/wp-json\/wp\/v2\/media\/3194"}],"wp:attachment":[{"href":"https:\/\/hidrosistem.al\/new\/wp-json\/wp\/v2\/media?parent=3192"}],"wp:term":[{"taxonomy":"product_cat","embeddable":true,"href":"https:\/\/hidrosistem.al\/new\/wp-json\/wp\/v2\/product_cat?post=3192"},{"taxonomy":"product_tag","embeddable":true,"href":"https:\/\/hidrosistem.al\/new\/wp-json\/wp\/v2\/product_tag?post=3192"}],"curies":[{"name":"wp","href":"https:\/\/api.w.org\/{rel}","templated":true}]}}