{"id":3166,"date":"2023-09-22T06:41:22","date_gmt":"2023-09-22T06:41:22","guid":{"rendered":"https:\/\/hidrosistem.al\/new\/?post_type=product&#038;p=3166"},"modified":"2023-09-28T14:17:09","modified_gmt":"2023-09-28T14:17:09","slug":"fxcq-a","status":"publish","type":"product","link":"https:\/\/hidrosistem.al\/new\/product\/fxcq-a\/","title":{"rendered":"FXCQ-A"},"content":{"rendered":"<p><strong>Dizajni i holl\u00eb dhe i leht\u00eb instalohet me leht\u00ebsi n\u00eb korridore t\u00eb ngushta<\/strong><\/p>\n<ul>\n<li>Thell\u00ebsia e t\u00eb gjitha nj\u00ebsive \u00ebsht\u00eb 620 mm, ideale p\u00ebr hap\u00ebsira t\u00eb ngushta<\/li>\n<li>Kontroll individual i kapakut: fleksibilitet p\u00ebr t&#8217;iu p\u00ebrshtatur \u00e7do plani dhome pa ndryshuar vendndodhjen e nj\u00ebsis\u00eb!<\/li>\n<li>Konsum i reduktuar i energjis\u00eb fal\u00eb shk\u00ebmbyesit t\u00eb nxeht\u00ebsis\u00eb me tub t\u00eb vog\u00ebl t\u00eb projektuar posa\u00e7\u00ebrisht, motorit t\u00eb ventilatorit DC dhe pomp\u00ebs s\u00eb shkarkimit<\/li>\n<li>Nj\u00ebsia me stil nd\u00ebrthuret leht\u00ebsisht me \u00e7do ambient t\u00eb brendsh\u00ebm. Flet\u00ebt mbyllen plot\u00ebsisht kur nj\u00ebsia nuk funksionon dhe nuk duken m\u00eb flet\u00eb p\u00ebr hyrjen e ajrit<\/li>\n<li>Komoditet optimal i garantuar me rregullimin automatik t\u00eb qarkullimit t\u00eb ajrit sipas ngarkes\u00ebs s\u00eb k\u00ebrkuar<\/li>\n<li>Hyrja e ajrit t\u00eb fresk\u00ebt \u00ebsht\u00eb integruar n\u00eb t\u00eb nj\u00ebjtin sistem, duke reduktuar k\u00ebshtu kostot e instalimit sepse nuk nevojitet pajisje tjet\u00ebr ajrosjeje<\/li>\n<li>Veprimet e mir\u00ebmbajtjes mund t\u00eb kryhen duke hequr panelin e p\u00ebrparm\u00eb<\/li>\n<li>Shkarkimi me tuba me deg\u00ebzim lejon optimizimin e shp\u00ebrndarjes s\u00eb ajrit n\u00eb dhomat me forma t\u00eb \u00e7rregullta ose furnizimin e ajrit n\u00eb dhomat e vogla pran\u00eb<\/li>\n<li>Pompa standarde e kullimit me ngritje 580mm rrit fleksibilitetin dhe shpejt\u00ebsin\u00eb e instalimit<\/li>\n<\/ul>\n","protected":false},"excerpt":{"rendered":"<p>Dizajni i holl\u00eb dhe i leht\u00eb instalohet me leht\u00ebsi n\u00eb korridore t\u00eb ngushta Thell\u00ebsia e t\u00eb gjitha nj\u00ebsive \u00ebsht\u00eb 620<\/p>\n","protected":false},"featured_media":3169,"template":"","meta":[],"product_cat":[323,326,329],"product_tag":[],"class_list":["post-3166","product","type-product","status-publish","has-post-thumbnail","hentry","product_cat-sisteme-ngrohje-ftohje","product_cat-kondicionimi","product_cat-vrv"],"_links":{"self":[{"href":"https:\/\/hidrosistem.al\/new\/wp-json\/wp\/v2\/product\/3166","targetHints":{"allow":["GET"]}}],"collection":[{"href":"https:\/\/hidrosistem.al\/new\/wp-json\/wp\/v2\/product"}],"about":[{"href":"https:\/\/hidrosistem.al\/new\/wp-json\/wp\/v2\/types\/product"}],"version-history":[{"count":1,"href":"https:\/\/hidrosistem.al\/new\/wp-json\/wp\/v2\/product\/3166\/revisions"}],"predecessor-version":[{"id":3167,"href":"https:\/\/hidrosistem.al\/new\/wp-json\/wp\/v2\/product\/3166\/revisions\/3167"}],"wp:featuredmedia":[{"embeddable":true,"href":"https:\/\/hidrosistem.al\/new\/wp-json\/wp\/v2\/media\/3169"}],"wp:attachment":[{"href":"https:\/\/hidrosistem.al\/new\/wp-json\/wp\/v2\/media?parent=3166"}],"wp:term":[{"taxonomy":"product_cat","embeddable":true,"href":"https:\/\/hidrosistem.al\/new\/wp-json\/wp\/v2\/product_cat?post=3166"},{"taxonomy":"product_tag","embeddable":true,"href":"https:\/\/hidrosistem.al\/new\/wp-json\/wp\/v2\/product_tag?post=3166"}],"curies":[{"name":"wp","href":"https:\/\/api.w.org\/{rel}","templated":true}]}}