{"id":3136,"date":"2023-09-22T06:15:57","date_gmt":"2023-09-22T06:15:57","guid":{"rendered":"https:\/\/hidrosistem.al\/new\/?post_type=product&#038;p=3136"},"modified":"2023-09-28T14:13:46","modified_gmt":"2023-09-28T14:13:46","slug":"fxmq-a","status":"publish","type":"product","link":"https:\/\/hidrosistem.al\/new\/product\/fxmq-a\/","title":{"rendered":"FXMQ-A"},"content":{"rendered":"<p><strong>Ideale p\u00ebr hap\u00ebsira me madh\u00ebsi t\u00eb madhe ESP deri n\u00eb 250 Pa<\/strong><\/p>\n<ul>\n<li>Dizajn i optimizuar p\u00ebr agjentin ftoh\u00ebs R410 A<\/li>\n<li>Presioni i jasht\u00ebm statik i lart\u00eb deri n\u00eb 250 Pa leht\u00ebson rrjetin e gjer\u00eb t\u00eb tubave dhe t\u00eb gril\u00ebs<\/li>\n<li>Mund\u00ebsia p\u00ebr ta ndryshuar ESP-n\u00eb n\u00ebp\u00ebrmjet telekomand\u00ebs me tela lejon optimizimin e v\u00ebllimit t\u00eb ajrit t\u00eb furnizuar.<\/li>\n<li>I fshehur mir\u00eb n\u00eb mur: duken vet\u00ebm grilat e thithjes dhe t\u00eb shkarkimit<\/li>\n<li>Nj\u00ebsi me kapacitet t\u00eb madh: kapaciteti i ngrohjes deri n\u00eb 31,5 kW<\/li>\n<\/ul>\n","protected":false},"excerpt":{"rendered":"<p>Ideale p\u00ebr hap\u00ebsira me madh\u00ebsi t\u00eb madhe ESP deri n\u00eb 250 Pa Dizajn i optimizuar p\u00ebr agjentin ftoh\u00ebs R410 A<\/p>\n","protected":false},"featured_media":3140,"template":"","meta":[],"product_cat":[323,326,329],"product_tag":[],"class_list":["post-3136","product","type-product","status-publish","has-post-thumbnail","hentry","product_cat-sisteme-ngrohje-ftohje","product_cat-kondicionimi","product_cat-vrv"],"_links":{"self":[{"href":"https:\/\/hidrosistem.al\/new\/wp-json\/wp\/v2\/product\/3136","targetHints":{"allow":["GET"]}}],"collection":[{"href":"https:\/\/hidrosistem.al\/new\/wp-json\/wp\/v2\/product"}],"about":[{"href":"https:\/\/hidrosistem.al\/new\/wp-json\/wp\/v2\/types\/product"}],"version-history":[{"count":1,"href":"https:\/\/hidrosistem.al\/new\/wp-json\/wp\/v2\/product\/3136\/revisions"}],"predecessor-version":[{"id":3141,"href":"https:\/\/hidrosistem.al\/new\/wp-json\/wp\/v2\/product\/3136\/revisions\/3141"}],"wp:featuredmedia":[{"embeddable":true,"href":"https:\/\/hidrosistem.al\/new\/wp-json\/wp\/v2\/media\/3140"}],"wp:attachment":[{"href":"https:\/\/hidrosistem.al\/new\/wp-json\/wp\/v2\/media?parent=3136"}],"wp:term":[{"taxonomy":"product_cat","embeddable":true,"href":"https:\/\/hidrosistem.al\/new\/wp-json\/wp\/v2\/product_cat?post=3136"},{"taxonomy":"product_tag","embeddable":true,"href":"https:\/\/hidrosistem.al\/new\/wp-json\/wp\/v2\/product_tag?post=3136"}],"curies":[{"name":"wp","href":"https:\/\/api.w.org\/{rel}","templated":true}]}}