{"id":3082,"date":"2023-09-21T13:57:37","date_gmt":"2023-09-21T13:57:37","guid":{"rendered":"https:\/\/hidrosistem.al\/new\/?post_type=product&#038;p=3082"},"modified":"2023-09-28T14:09:53","modified_gmt":"2023-09-28T14:09:53","slug":"vrviii-q-rqceq-p3","status":"publish","type":"product","link":"https:\/\/hidrosistem.al\/new\/product\/vrviii-q-rqceq-p3\/","title":{"rendered":"VRVIII-Q &#8211; RQCEQ-P3"},"content":{"rendered":"<p><strong>Z\u00ebvend\u00ebsim i shpejt\u00eb; dhe cil\u00ebsor p\u00ebr sistemet R-22 dhe R-407C<\/strong><\/p>\n<ul>\n<li>Z\u00ebvend\u00ebsim i shpejt\u00eb dhe me kosto efikase, duke qen\u00eb se duhet t\u00eb z\u00ebvend\u00ebsohet vet\u00ebm nj\u00ebsia e brendshme dhe nj\u00ebsia e jashtme, q\u00eb do t\u00eb thot\u00eb se nuk duhet kryer asnj\u00eb punim brenda nd\u00ebrtes\u00ebs<\/li>\n<li>Mund t\u00eb arrihen rritje m\u00eb t\u00eb m\u00ebdha se 40% n\u00eb efikasitet, fal\u00eb zhvillimeve teknologjike n\u00eb teknologjin\u00eb e pompave t\u00eb nxeht\u00ebsis\u00eb dhe agjentit ftoh\u00ebs m\u00eb efikas R-410A.<\/li>\n<li>Instalim me m\u00eb pak nd\u00ebrhyrje dhe m\u00eb pak konsum kohe krahasuar me instalimin e nj\u00eb sistemi t\u00eb ri, duke qen\u00eb se mund t\u00eb ruhen tubat e agjentit ftoh\u00ebs<\/li>\n<li>Mbushja unike automatike me agjent ftoh\u00ebs eliminon nevoj\u00ebn p\u00ebr t\u00eb llogaritur volumin e agjentit ftoh\u00ebs dhe lejon z\u00ebvend\u00ebsimin e sigurt t\u00eb pjes\u00ebve z\u00ebvend\u00ebsuese konkurrente<\/li>\n<li>Pastrimi automatik i tubave t\u00eb agjentit ftoh\u00ebs siguron nj\u00eb rrjet tubash t\u00eb past\u00ebr, edhe kur ka ndodhur prishje e kompresorit<\/li>\n<li>Mund\u00ebsi p\u00ebr t\u00eb shtuar nj\u00ebsi t\u00eb jashtme dhe p\u00ebr t\u00eb shtuar kapacitetin pa ndryshuar tubacionin e l\u00ebngut ftoh\u00ebs<\/li>\n<li>Mund\u00ebsi p\u00ebr t\u2019i p\u00ebrhapur fazat e ndryshme t\u00eb z\u00ebvend\u00ebsimit fal\u00eb dizajnit modular t\u00eb sistemit VRV<\/li>\n<li>Mbajeni sistemin tuaj n\u00eb gjendje optimale p\u00ebrmes Daikin Cloud Service:: Monitorim 24 or\u00eb n\u00eb dit\u00eb, 7 dit\u00eb n\u00eb jav\u00eb p\u00ebr efikasitet maksimal, m\u00eb shum\u00eb jet\u00ebgjat\u00ebsi dhe sh\u00ebrbim t\u00eb menj\u00ebhersh\u00ebm mir\u00ebmbajtjeje fal\u00eb parandalimit t\u00eb avarive<\/li>\n<\/ul>\n","protected":false},"excerpt":{"rendered":"<p>Z\u00ebvend\u00ebsim i shpejt\u00eb; dhe cil\u00ebsor p\u00ebr sistemet R-22 dhe R-407C Z\u00ebvend\u00ebsim i shpejt\u00eb dhe me kosto efikase, duke qen\u00eb se<\/p>\n","protected":false},"featured_media":3087,"template":"","meta":[],"product_cat":[323,326,329],"product_tag":[],"class_list":["post-3082","product","type-product","status-publish","has-post-thumbnail","hentry","product_cat-sisteme-ngrohje-ftohje","product_cat-kondicionimi","product_cat-vrv"],"_links":{"self":[{"href":"https:\/\/hidrosistem.al\/new\/wp-json\/wp\/v2\/product\/3082","targetHints":{"allow":["GET"]}}],"collection":[{"href":"https:\/\/hidrosistem.al\/new\/wp-json\/wp\/v2\/product"}],"about":[{"href":"https:\/\/hidrosistem.al\/new\/wp-json\/wp\/v2\/types\/product"}],"version-history":[{"count":1,"href":"https:\/\/hidrosistem.al\/new\/wp-json\/wp\/v2\/product\/3082\/revisions"}],"predecessor-version":[{"id":3083,"href":"https:\/\/hidrosistem.al\/new\/wp-json\/wp\/v2\/product\/3082\/revisions\/3083"}],"wp:featuredmedia":[{"embeddable":true,"href":"https:\/\/hidrosistem.al\/new\/wp-json\/wp\/v2\/media\/3087"}],"wp:attachment":[{"href":"https:\/\/hidrosistem.al\/new\/wp-json\/wp\/v2\/media?parent=3082"}],"wp:term":[{"taxonomy":"product_cat","embeddable":true,"href":"https:\/\/hidrosistem.al\/new\/wp-json\/wp\/v2\/product_cat?post=3082"},{"taxonomy":"product_tag","embeddable":true,"href":"https:\/\/hidrosistem.al\/new\/wp-json\/wp\/v2\/product_tag?post=3082"}],"curies":[{"name":"wp","href":"https:\/\/api.w.org\/{rel}","templated":true}]}}