{"id":3031,"date":"2023-09-21T12:10:13","date_gmt":"2023-09-21T12:10:13","guid":{"rendered":"https:\/\/hidrosistem.al\/new\/?post_type=product&#038;p=3031"},"modified":"2023-09-28T14:18:22","modified_gmt":"2023-09-28T14:18:22","slug":"fxha-a","status":"publish","type":"product","link":"https:\/\/hidrosistem.al\/new\/product\/fxha-a\/","title":{"rendered":"FXHA-A"},"content":{"rendered":"<p><strong>P\u00ebr dhomat e gjera pa tavane t\u00eb varura dhe pa hap\u00ebsir\u00eb t\u00eb lir\u00eb n\u00eb dysheme<\/strong><\/p>\n<ul>\n<li>Dizajn i optimizuar p\u00ebr agjentin ftoh\u00ebs R-32<\/li>\n<li>Ideale p\u00ebr qarkullim komod t\u00eb ajrit n\u00eb dhoma t\u00eb gjera fal\u00eb efektit Coanda: k\u00ebnd shkarkimi deri n\u00eb 100\u00b0<\/li>\n<li>Madje edhe dhomat me tavane deri n\u00eb 3,8 m mund t\u00eb ngrohen dhe t\u00eb ftohen shum\u00eb leht\u00eb pa humbje kapaciteti<\/li>\n<li>Mund t\u00eb montohet me leht\u00ebsi si n\u00eb projektet e reja, ashtu dhe n\u00eb projektet e rinovimit<\/li>\n<li>Mund t\u00eb montohet leht\u00ebsisht n\u00eb cepa ose n\u00eb hap\u00ebsira t\u00eb ngushta, sepse ka nevoj\u00eb vet\u00ebm p\u00ebr 30 mm hap\u00ebsir\u00eb an\u00ebsore sh\u00ebrbimi<\/li>\n<li>Hyrja e ajrit t\u00eb fresk\u00ebt \u00ebsht\u00eb integruar n\u00eb t\u00eb nj\u00ebjtin sistem, duke reduktuar k\u00ebshtu kostot e instalimit sepse nuk nevojitet pajisje tjet\u00ebr ajrosjeje<\/li>\n<li>Stylish unit blends easily with any interior. The flaps close entirely when the unit is not operating.<\/li>\n<\/ul>\n","protected":false},"excerpt":{"rendered":"<p>P\u00ebr dhomat e gjera pa tavane t\u00eb varura dhe pa hap\u00ebsir\u00eb t\u00eb lir\u00eb n\u00eb dysheme Dizajn i optimizuar p\u00ebr agjentin<\/p>\n","protected":false},"featured_media":3033,"template":"","meta":[],"product_cat":[323,326,329],"product_tag":[],"class_list":["post-3031","product","type-product","status-publish","has-post-thumbnail","hentry","product_cat-sisteme-ngrohje-ftohje","product_cat-kondicionimi","product_cat-vrv"],"_links":{"self":[{"href":"https:\/\/hidrosistem.al\/new\/wp-json\/wp\/v2\/product\/3031","targetHints":{"allow":["GET"]}}],"collection":[{"href":"https:\/\/hidrosistem.al\/new\/wp-json\/wp\/v2\/product"}],"about":[{"href":"https:\/\/hidrosistem.al\/new\/wp-json\/wp\/v2\/types\/product"}],"version-history":[{"count":1,"href":"https:\/\/hidrosistem.al\/new\/wp-json\/wp\/v2\/product\/3031\/revisions"}],"predecessor-version":[{"id":3032,"href":"https:\/\/hidrosistem.al\/new\/wp-json\/wp\/v2\/product\/3031\/revisions\/3032"}],"wp:featuredmedia":[{"embeddable":true,"href":"https:\/\/hidrosistem.al\/new\/wp-json\/wp\/v2\/media\/3033"}],"wp:attachment":[{"href":"https:\/\/hidrosistem.al\/new\/wp-json\/wp\/v2\/media?parent=3031"}],"wp:term":[{"taxonomy":"product_cat","embeddable":true,"href":"https:\/\/hidrosistem.al\/new\/wp-json\/wp\/v2\/product_cat?post=3031"},{"taxonomy":"product_tag","embeddable":true,"href":"https:\/\/hidrosistem.al\/new\/wp-json\/wp\/v2\/product_tag?post=3031"}],"curies":[{"name":"wp","href":"https:\/\/api.w.org\/{rel}","templated":true}]}}