{"id":2966,"date":"2023-09-21T10:32:02","date_gmt":"2023-09-21T10:32:02","guid":{"rendered":"https:\/\/hidrosistem.al\/new\/?post_type=product&#038;p=2966"},"modified":"2023-09-28T12:49:28","modified_gmt":"2023-09-28T12:49:28","slug":"kondicioner-sensira-ftxc-c","status":"publish","type":"product","link":"https:\/\/hidrosistem.al\/new\/product\/kondicioner-sensira-ftxc-c\/","title":{"rendered":"Kondicioner Sensira FTXC-D + RXC-D"},"content":{"rendered":"<p><strong>Nj\u00ebsi me montim n\u00eb mur, e cila ofron me vler\u00eb t\u00eb lart\u00eb p\u00ebr investimin e kryer<\/strong><\/p>\n<ul>\n<li>Paneli ballor i shesht\u00eb dhe me stil shkrihet me \u00e7do lloj dekori t\u00eb brendsh\u00ebm dhe \u00ebsht\u00eb m\u00eb i leht\u00eb p\u00ebr t&#8217;u pastruar<\/li>\n<li>Vlera efikasiteti sezonal deri n\u00eb A++ n\u00eb ftohje<\/li>\n<li>Zgjedhja e nj\u00eb produkti R-32 ul ndikimin n\u00eb mjedis me 68% krahasuar me R-410A dhe sjell direkt konsumim m\u00eb t\u00eb ul\u00ebt t\u00eb energjis\u00eb fal\u00eb efikasitet t\u00eb tij t\u00eb lart\u00eb n\u00eb energji<\/li>\n<li>Daikin Residential Controller (opsional): kontrolloni nj\u00ebsin\u00eb tuaj t\u00eb brendshme nga \u00e7do vendndodhje me aplikacion, p\u00ebrmes rrjetit lokal ose internetit.<\/li>\n<\/ul>\n","protected":false},"excerpt":{"rendered":"<p>Nj\u00ebsi me montim n\u00eb mur, e cila ofron me vler\u00eb t\u00eb lart\u00eb p\u00ebr investimin e kryer Paneli ballor i shesht\u00eb<\/p>\n","protected":false},"featured_media":3240,"template":"","meta":[],"product_cat":[323,326,327],"product_tag":[],"class_list":["post-2966","product","type-product","status-publish","has-post-thumbnail","hentry","product_cat-sisteme-ngrohje-ftohje","product_cat-kondicionimi","product_cat-mono-split"],"_links":{"self":[{"href":"https:\/\/hidrosistem.al\/new\/wp-json\/wp\/v2\/product\/2966","targetHints":{"allow":["GET"]}}],"collection":[{"href":"https:\/\/hidrosistem.al\/new\/wp-json\/wp\/v2\/product"}],"about":[{"href":"https:\/\/hidrosistem.al\/new\/wp-json\/wp\/v2\/types\/product"}],"version-history":[{"count":2,"href":"https:\/\/hidrosistem.al\/new\/wp-json\/wp\/v2\/product\/2966\/revisions"}],"predecessor-version":[{"id":4411,"href":"https:\/\/hidrosistem.al\/new\/wp-json\/wp\/v2\/product\/2966\/revisions\/4411"}],"wp:featuredmedia":[{"embeddable":true,"href":"https:\/\/hidrosistem.al\/new\/wp-json\/wp\/v2\/media\/3240"}],"wp:attachment":[{"href":"https:\/\/hidrosistem.al\/new\/wp-json\/wp\/v2\/media?parent=2966"}],"wp:term":[{"taxonomy":"product_cat","embeddable":true,"href":"https:\/\/hidrosistem.al\/new\/wp-json\/wp\/v2\/product_cat?post=2966"},{"taxonomy":"product_tag","embeddable":true,"href":"https:\/\/hidrosistem.al\/new\/wp-json\/wp\/v2\/product_tag?post=2966"}],"curies":[{"name":"wp","href":"https:\/\/api.w.org\/{rel}","templated":true}]}}