{"id":2525,"date":"2023-09-18T11:19:53","date_gmt":"2023-09-18T11:19:53","guid":{"rendered":"https:\/\/hidrosistem.al\/new\/?post_type=product&#038;p=2525"},"modified":"2023-09-28T14:12:20","modified_gmt":"2023-09-28T14:12:20","slug":"hxy-a8","status":"publish","type":"product","link":"https:\/\/hidrosistem.al\/new\/product\/hxy-a8\/","title":{"rendered":"HXY-A8"},"content":{"rendered":"<p><strong>P\u00ebr ngrohje dhe ftohje t\u00eb ambientit me efikasitet t\u00eb lart\u00eb<\/strong><\/p>\n<ul>\n<li>Lidhje aj\u00ebr-uj\u00eb me VRV p\u00ebr aplikime si ngrohje n\u00ebn dysheme, nj\u00ebsi p\u00ebr trajtimin e ajrit, radiator\u00eb me temperatur\u00eb t\u00eb ul\u00ebt, \u2026<\/li>\n<li>Diapazoni i temperaturave t\u00eb ujit n\u00eb dalje nga 5 deri 45\u00b0C pa ngroh\u00ebs elektrik<\/li>\n<li>Gam\u00eb shum\u00eb e gjer\u00eb funksionimi p\u00ebr prodhimin e ujit t\u00eb nxeht\u00eb \/ t\u00eb ftoht\u00eb n\u00eb temperatura t\u00eb jashtme ambienti nga -20 deri +43\u00b0C<\/li>\n<li>Kursen koh\u00eb p\u00ebr dizajnin e sistemit duke qen\u00eb se t\u00eb gjith\u00eb komponent\u00ebt e an\u00ebs s\u00eb ujit jan\u00eb plot\u00ebsisht t\u00eb integruar me kontroll t\u00eb drejtp\u00ebrdrejt\u00eb mbi temperatur\u00ebn e ujit n\u00eb dalje<\/li>\n<li>Dizajn modern me montim n\u00eb mur p\u00ebr kursim hap\u00ebsire<\/li>\n<li>Nuk nevojitet lidhje gazi ose depozit\u00eb nafte<\/li>\n<li>Mund t\u00eb lidhet me pomp\u00ebn e nxeht\u00ebsis\u00eb dhe rikuperimin e nxeht\u00ebsis\u00eb VRV IV<\/li>\n<li>VRV-5<\/li>\n<\/ul>\n","protected":false},"excerpt":{"rendered":"<p>P\u00ebr ngrohje dhe ftohje t\u00eb ambientit me efikasitet t\u00eb lart\u00eb Lidhje aj\u00ebr-uj\u00eb me VRV p\u00ebr aplikime si ngrohje n\u00ebn dysheme,<\/p>\n","protected":false},"featured_media":2566,"template":"","meta":[],"product_cat":[329],"product_tag":[],"class_list":["post-2525","product","type-product","status-publish","has-post-thumbnail","hentry","product_cat-vrv"],"_links":{"self":[{"href":"https:\/\/hidrosistem.al\/new\/wp-json\/wp\/v2\/product\/2525","targetHints":{"allow":["GET"]}}],"collection":[{"href":"https:\/\/hidrosistem.al\/new\/wp-json\/wp\/v2\/product"}],"about":[{"href":"https:\/\/hidrosistem.al\/new\/wp-json\/wp\/v2\/types\/product"}],"version-history":[{"count":3,"href":"https:\/\/hidrosistem.al\/new\/wp-json\/wp\/v2\/product\/2525\/revisions"}],"predecessor-version":[{"id":3000,"href":"https:\/\/hidrosistem.al\/new\/wp-json\/wp\/v2\/product\/2525\/revisions\/3000"}],"wp:featuredmedia":[{"embeddable":true,"href":"https:\/\/hidrosistem.al\/new\/wp-json\/wp\/v2\/media\/2566"}],"wp:attachment":[{"href":"https:\/\/hidrosistem.al\/new\/wp-json\/wp\/v2\/media?parent=2525"}],"wp:term":[{"taxonomy":"product_cat","embeddable":true,"href":"https:\/\/hidrosistem.al\/new\/wp-json\/wp\/v2\/product_cat?post=2525"},{"taxonomy":"product_tag","embeddable":true,"href":"https:\/\/hidrosistem.al\/new\/wp-json\/wp\/v2\/product_tag?post=2525"}],"curies":[{"name":"wp","href":"https:\/\/api.w.org\/{rel}","templated":true}]}}