{"id":2512,"date":"2023-09-18T11:14:22","date_gmt":"2023-09-18T11:14:22","guid":{"rendered":"https:\/\/hidrosistem.al\/new\/?post_type=product&#038;p=2512"},"modified":"2023-09-30T08:08:18","modified_gmt":"2023-09-30T08:08:18","slug":"fxzq-a","status":"publish","type":"product","link":"https:\/\/hidrosistem.al\/new\/product\/fxzq-a\/","title":{"rendered":"FXZQ-A"},"content":{"rendered":"<p><strong>Dizajn unik n\u00eb treg q\u00eb integrohet plot\u00ebsisht n\u00eb tavan.<\/strong><\/p>\n<ul>\n<li>Integrim plot\u00ebsisht i puthitur n\u00eb pllakat standarde arkitekturore t\u00eb tavanit, duke l\u00ebn\u00eb vet\u00ebm 8 mm<\/li>\n<li>Shkrirje e ve\u00e7ant\u00eb e dizajnit ikonik dhe perfeksionit inxhinierik me nj\u00eb sip\u00ebrfaqe elegante n\u00eb ngjyr\u00eb t\u00eb bardh\u00eb ose kombinim i t\u00eb argjendt\u00ebs dhe ngjyr\u00ebs s\u00eb bardh\u00eb<\/li>\n<li>Dy sensor\u00eb inteligjent\u00eb opsional\u00eb rrisin efikasitetin e energjis\u00eb dhe komoditetin.<\/li>\n<li>Nj\u00ebsi e kategoris\u00eb 15 e zhvilluar n\u00eb m\u00ebnyr\u00eb t\u00eb ve\u00e7ant\u00eb p\u00ebr dhoma t\u00eb vogla ose t\u00eb izoluara mir\u00eb, si p\u00ebr shembull dhomat e hoteleve, zyrat e vogla, etj.<\/li>\n<li>Kontroll individual i kapakut: fleksibilitet p\u00ebr t&#8217;iu p\u00ebrshtatur \u00e7do plani dhome pa ndryshuar vendndodhjen e nj\u00ebsis\u00eb!<\/li>\n<li>Konsum i reduktuar i energjis\u00eb fal\u00eb shk\u00ebmbyesit t\u00eb nxeht\u00ebsis\u00eb me tub t\u00eb vog\u00ebl t\u00eb projektuar posa\u00e7\u00ebrisht, motorit t\u00eb ventilatorit DC dhe pomp\u00ebs s\u00eb shkarkimit<\/li>\n<li>Hyrja opsionale e ajrit t\u00eb fresk\u00ebt<\/li>\n<li>Pompa standarde e kullimit me ngritje 630mm rrit fleksibilitetin dhe shpejt\u00ebsin\u00eb e instalimit<\/li>\n<li>VRV-4<\/li>\n<\/ul>\n","protected":false},"excerpt":{"rendered":"<p>Dizajn unik n\u00eb treg q\u00eb integrohet plot\u00ebsisht n\u00eb tavan. Integrim plot\u00ebsisht i puthitur n\u00eb pllakat standarde arkitekturore t\u00eb tavanit, duke<\/p>\n","protected":false},"featured_media":2513,"template":"","meta":[],"product_cat":[329],"product_tag":[],"class_list":["post-2512","product","type-product","status-publish","has-post-thumbnail","hentry","product_cat-vrv"],"_links":{"self":[{"href":"https:\/\/hidrosistem.al\/new\/wp-json\/wp\/v2\/product\/2512","targetHints":{"allow":["GET"]}}],"collection":[{"href":"https:\/\/hidrosistem.al\/new\/wp-json\/wp\/v2\/product"}],"about":[{"href":"https:\/\/hidrosistem.al\/new\/wp-json\/wp\/v2\/types\/product"}],"version-history":[{"count":2,"href":"https:\/\/hidrosistem.al\/new\/wp-json\/wp\/v2\/product\/2512\/revisions"}],"predecessor-version":[{"id":3007,"href":"https:\/\/hidrosistem.al\/new\/wp-json\/wp\/v2\/product\/2512\/revisions\/3007"}],"wp:featuredmedia":[{"embeddable":true,"href":"https:\/\/hidrosistem.al\/new\/wp-json\/wp\/v2\/media\/2513"}],"wp:attachment":[{"href":"https:\/\/hidrosistem.al\/new\/wp-json\/wp\/v2\/media?parent=2512"}],"wp:term":[{"taxonomy":"product_cat","embeddable":true,"href":"https:\/\/hidrosistem.al\/new\/wp-json\/wp\/v2\/product_cat?post=2512"},{"taxonomy":"product_tag","embeddable":true,"href":"https:\/\/hidrosistem.al\/new\/wp-json\/wp\/v2\/product_tag?post=2512"}],"curies":[{"name":"wp","href":"https:\/\/api.w.org\/{rel}","templated":true}]}}