{"id":2495,"date":"2023-09-18T10:48:09","date_gmt":"2023-09-18T10:48:09","guid":{"rendered":"https:\/\/hidrosistem.al\/new\/?post_type=product&#038;p=2495"},"modified":"2023-09-28T14:14:23","modified_gmt":"2023-09-28T14:14:23","slug":"fxsa-a","status":"publish","type":"product","link":"https:\/\/hidrosistem.al\/new\/product\/fxsa-a\/","title":{"rendered":"FXSA-A"},"content":{"rendered":"<p><strong>Nj\u00ebsia e presionit statik mesatar m\u00eb e holl\u00eb dhe nj\u00ebkoh\u00ebsisht m\u00eb e fuqishme n\u00eb treg<\/strong><\/p>\n<ul>\n<li>Dizajn i optimizuar p\u00ebr agjentin ftoh\u00ebs R-32<\/li>\n<li>Nj\u00ebsia m\u00eb e holl\u00eb n\u00eb kategori, vet\u00ebm 245 mm (lart\u00ebsi e integruar 300 mm) dhe si rrjedhoj\u00eb hap\u00ebsirat e ngushta n\u00eb tavan nuk jan\u00eb m\u00eb problem<\/li>\n<li>Funksionim i heshtur: niveli i presionit t\u00eb zhurm\u00ebs ulet deri n\u00eb 25 dBA<\/li>\n<li>Presioni i jasht\u00ebm statik mesatar deri n\u00eb 150 Pa leht\u00ebson p\u00ebrdorimin e tubave fleksib\u00ebl t\u00eb gjat\u00ebsive t\u00eb ndryshme<\/li>\n<li>Mund\u00ebsia p\u00ebr ta ndryshuar ESP-n\u00eb n\u00ebp\u00ebrmjet telekomand\u00ebs me tela lejon optimizimin e v\u00ebllimit t\u00eb ajrit t\u00eb furnizuar.<\/li>\n<li>I fshehur mir\u00eb n\u00eb mur: duken vet\u00ebm grilat e thithjes dhe t\u00eb shkarkimit<\/li>\n<li>Nj\u00ebsi e kategoris\u00eb 15 e zhvilluar n\u00eb m\u00ebnyr\u00eb t\u00eb ve\u00e7ant\u00eb p\u00ebr dhoma t\u00eb vogla ose t\u00eb izoluara mir\u00eb, si p\u00ebr shembull dhomat e hoteleve, zyrat e vogla, etj.<\/li>\n<li>Hyrja opsionale e ajrit t\u00eb fresk\u00ebt<\/li>\n<li>Instalim fleksib\u00ebl: drejtimi i thithjes s\u00eb ajrit mund t\u00eb ndryshohet nga pas-posht\u00eb dhe mund t\u00eb b\u00ebhet zgjedhje mes p\u00ebrdorimit t\u00eb lir\u00eb ose lidhjes me flet\u00ebt opsionale t\u00eb thithjes<\/li>\n<li>Pompa standarde e integruar e kullimit me ngritje 625 mm rrit fleksibilitetin dhe shpejt\u00ebsin\u00eb e instalimit<\/li>\n<li>VRV-5<\/li>\n<\/ul>\n","protected":false},"excerpt":{"rendered":"<p>Nj\u00ebsia e presionit statik mesatar m\u00eb e holl\u00eb dhe nj\u00ebkoh\u00ebsisht m\u00eb e fuqishme n\u00eb treg Dizajn i optimizuar p\u00ebr agjentin<\/p>\n","protected":false},"featured_media":2496,"template":"","meta":[],"product_cat":[329],"product_tag":[],"class_list":["post-2495","product","type-product","status-publish","has-post-thumbnail","hentry","product_cat-vrv"],"_links":{"self":[{"href":"https:\/\/hidrosistem.al\/new\/wp-json\/wp\/v2\/product\/2495","targetHints":{"allow":["GET"]}}],"collection":[{"href":"https:\/\/hidrosistem.al\/new\/wp-json\/wp\/v2\/product"}],"about":[{"href":"https:\/\/hidrosistem.al\/new\/wp-json\/wp\/v2\/types\/product"}],"version-history":[{"count":2,"href":"https:\/\/hidrosistem.al\/new\/wp-json\/wp\/v2\/product\/2495\/revisions"}],"predecessor-version":[{"id":2998,"href":"https:\/\/hidrosistem.al\/new\/wp-json\/wp\/v2\/product\/2495\/revisions\/2998"}],"wp:featuredmedia":[{"embeddable":true,"href":"https:\/\/hidrosistem.al\/new\/wp-json\/wp\/v2\/media\/2496"}],"wp:attachment":[{"href":"https:\/\/hidrosistem.al\/new\/wp-json\/wp\/v2\/media?parent=2495"}],"wp:term":[{"taxonomy":"product_cat","embeddable":true,"href":"https:\/\/hidrosistem.al\/new\/wp-json\/wp\/v2\/product_cat?post=2495"},{"taxonomy":"product_tag","embeddable":true,"href":"https:\/\/hidrosistem.al\/new\/wp-json\/wp\/v2\/product_tag?post=2495"}],"curies":[{"name":"wp","href":"https:\/\/api.w.org\/{rel}","templated":true}]}}