{"id":2458,"date":"2023-09-18T10:22:46","date_gmt":"2023-09-18T10:22:46","guid":{"rendered":"https:\/\/hidrosistem.al\/new\/?post_type=product&#038;p=2458"},"modified":"2023-09-28T14:16:23","modified_gmt":"2023-09-28T14:16:23","slug":"round-flow-fxfq-a","status":"publish","type":"product","link":"https:\/\/hidrosistem.al\/new\/product\/round-flow-fxfq-a\/","title":{"rendered":"Round Flow &#8211; FXFQ-A"},"content":{"rendered":"<p><strong>Shkarkim ajri 360\u00b0 p\u00ebr efikasitet dhe komoditet optimal<\/strong><\/p>\n<ul>\n<li>Pastrimi automatik i filtrit sjell efikasitet m\u00eb t\u00eb lart\u00eb dhe; komoditet dhe kosto m\u00eb t\u00eb ul\u00ebta mir\u00ebmbajtjeje. Disponohen 2 filtra: filtri standard dhe filtri me rrjet\u00eb m\u00eb t\u00eb holl\u00eb (p\u00ebr pun\u00eb me pluhur t\u00eb im\u00ebt, p.sh. n\u00eb dyqane rrobash)<\/li>\n<li>Dy sensor\u00eb inteligjent\u00eb opsional\u00eb rrisin efikasitetin e energjis\u00eb dhe komoditetin.<\/li>\n<li>Kontroll individual i kapakut: fleksibilitet p\u00ebr t&#8217;iu p\u00ebrshtatur \u00e7do plani dhome pa ndryshuar vendndodhjen e nj\u00ebsis\u00eb!<\/li>\n<li>Lart\u00ebsia m\u00eb e ul\u00ebt e montimit n\u00eb treg: 214 mm p\u00ebr kategorin\u00eb 20-63<\/li>\n<li>Paneli i dekorimit me stil modern disponohet n\u00eb 3 variacione t\u00eb ndryshme: i bardh\u00eb (RAL9010) me flet\u00eb gri, plot\u00ebsisht i bardh\u00eb (RAL9010) ose panel me vet\u00ebpastrim<\/li>\n<li>Konsum i reduktuar i energjis\u00eb fal\u00eb shk\u00ebmbyesit t\u00eb nxeht\u00ebsis\u00eb me tub t\u00eb vog\u00ebl t\u00eb projektuar posa\u00e7\u00ebrisht, motorit t\u00eb ventilatorit DC dhe pomp\u00ebs s\u00eb shkarkimit<\/li>\n<li>Hyrja opsionale e ajrit t\u00eb fresk\u00ebt<\/li>\n<li>Shkarkimi me tuba me deg\u00ebzim lejon optimizimin e shp\u00ebrndarjes s\u00eb ajrit n\u00eb dhomat me forma t\u00eb \u00e7rregullta ose furnizimin e ajrit n\u00eb dhomat e vogla pran\u00eb<\/li>\n<li>Pompa standarde e kullimit me ngritje 675mm rrit fleksibilitetin dhe shpejt\u00ebsin\u00eb e instalimit<\/li>\n<li>VRV-4<\/li>\n<\/ul>\n","protected":false},"excerpt":{"rendered":"<p>Shkarkim ajri 360\u00b0 p\u00ebr efikasitet dhe komoditet optimal Pastrimi automatik i filtrit sjell efikasitet m\u00eb t\u00eb lart\u00eb dhe; komoditet dhe<\/p>\n","protected":false},"featured_media":2459,"template":"","meta":[],"product_cat":[329],"product_tag":[],"class_list":["post-2458","product","type-product","status-publish","has-post-thumbnail","hentry","product_cat-vrv"],"_links":{"self":[{"href":"https:\/\/hidrosistem.al\/new\/wp-json\/wp\/v2\/product\/2458","targetHints":{"allow":["GET"]}}],"collection":[{"href":"https:\/\/hidrosistem.al\/new\/wp-json\/wp\/v2\/product"}],"about":[{"href":"https:\/\/hidrosistem.al\/new\/wp-json\/wp\/v2\/types\/product"}],"version-history":[{"count":2,"href":"https:\/\/hidrosistem.al\/new\/wp-json\/wp\/v2\/product\/2458\/revisions"}],"predecessor-version":[{"id":3008,"href":"https:\/\/hidrosistem.al\/new\/wp-json\/wp\/v2\/product\/2458\/revisions\/3008"}],"wp:featuredmedia":[{"embeddable":true,"href":"https:\/\/hidrosistem.al\/new\/wp-json\/wp\/v2\/media\/2459"}],"wp:attachment":[{"href":"https:\/\/hidrosistem.al\/new\/wp-json\/wp\/v2\/media?parent=2458"}],"wp:term":[{"taxonomy":"product_cat","embeddable":true,"href":"https:\/\/hidrosistem.al\/new\/wp-json\/wp\/v2\/product_cat?post=2458"},{"taxonomy":"product_tag","embeddable":true,"href":"https:\/\/hidrosistem.al\/new\/wp-json\/wp\/v2\/product_tag?post=2458"}],"curies":[{"name":"wp","href":"https:\/\/api.w.org\/{rel}","templated":true}]}}