{"id":2447,"date":"2023-09-18T10:11:48","date_gmt":"2023-09-18T10:11:48","guid":{"rendered":"https:\/\/hidrosistem.al\/new\/?post_type=product&#038;p=2447"},"modified":"2023-09-28T14:16:29","modified_gmt":"2023-09-28T14:16:29","slug":"round-flow-fxfa-a","status":"publish","type":"product","link":"https:\/\/hidrosistem.al\/new\/product\/round-flow-fxfa-a\/","title":{"rendered":"Round Flow &#8211; FXFA-A"},"content":{"rendered":"<p><strong>Shkarkim ajri 360\u00b0 p\u00ebr efikasitet dhe komoditet optimal<\/strong><\/p>\n<ul>\n<li>Dizajn i optimizuar p\u00ebr agjentin ftoh\u00ebs R-32<\/li>\n<li>Paneli opsional i pastrimit automatik t\u00eb filtrit sjell efikasitet m\u00eb t\u00eb lart\u00eb dhe komoditet dhe kosto m\u00eb t\u00eb ul\u00ebta mir\u00ebmbajtjeje.<\/li>\n<li>Dy sensor\u00eb inteligjent\u00eb opsional\u00eb rrisin efikasitetin e energjis\u00eb dhe komoditetin.<\/li>\n<li>Mund\u00ebsia m\u00eb e gjer\u00eb e zgjedhjes n\u00eb panelet dekorative: panele moderne n\u00eb t\u00eb bardh\u00eb (RAL9010) dhe t\u00eb zez\u00eb (RAL9005) dhe panele standarde n\u00eb t\u00eb bardh\u00eb (RAL9010) me flet\u00eb gri ose t\u00eb bardh\u00eb t\u00eb plot\u00eb<\/li>\n<li>Kontroll individual i kapakut: fleksibilitet p\u00ebr t&#8217;iu p\u00ebrshtatur \u00e7do plani dhome pa ndryshuar vendndodhjen e nj\u00ebsis\u00eb!<\/li>\n<li>Flet\u00ebt e m\u00ebdha dhe motivi unik i l\u00ebvizjes p\u00ebrmir\u00ebson shp\u00ebrndarjen e barabart\u00eb t\u00eb ajrit<\/li>\n<li>Lart\u00ebsia m\u00eb e ul\u00ebt e montimit n\u00eb treg: 214 mm p\u00ebr kategorin\u00eb 20-63<\/li>\n<li>Hyrja opsionale e ajrit t\u00eb fresk\u00ebt<\/li>\n<li>Pompa standarde e kullimit me ngritje 675mm rrit fleksibilitetin dhe shpejt\u00ebsin\u00eb e instalimit<\/li>\n<li>VRV-5<\/li>\n<\/ul>\n","protected":false},"excerpt":{"rendered":"<p>Shkarkim ajri 360\u00b0 p\u00ebr efikasitet dhe komoditet optimal Dizajn i optimizuar p\u00ebr agjentin ftoh\u00ebs R-32 Paneli opsional i pastrimit automatik<\/p>\n","protected":false},"featured_media":2449,"template":"","meta":[],"product_cat":[329],"product_tag":[],"class_list":["post-2447","product","type-product","status-publish","has-post-thumbnail","hentry","product_cat-vrv"],"_links":{"self":[{"href":"https:\/\/hidrosistem.al\/new\/wp-json\/wp\/v2\/product\/2447","targetHints":{"allow":["GET"]}}],"collection":[{"href":"https:\/\/hidrosistem.al\/new\/wp-json\/wp\/v2\/product"}],"about":[{"href":"https:\/\/hidrosistem.al\/new\/wp-json\/wp\/v2\/types\/product"}],"version-history":[{"count":2,"href":"https:\/\/hidrosistem.al\/new\/wp-json\/wp\/v2\/product\/2447\/revisions"}],"predecessor-version":[{"id":3001,"href":"https:\/\/hidrosistem.al\/new\/wp-json\/wp\/v2\/product\/2447\/revisions\/3001"}],"wp:featuredmedia":[{"embeddable":true,"href":"https:\/\/hidrosistem.al\/new\/wp-json\/wp\/v2\/media\/2449"}],"wp:attachment":[{"href":"https:\/\/hidrosistem.al\/new\/wp-json\/wp\/v2\/media?parent=2447"}],"wp:term":[{"taxonomy":"product_cat","embeddable":true,"href":"https:\/\/hidrosistem.al\/new\/wp-json\/wp\/v2\/product_cat?post=2447"},{"taxonomy":"product_tag","embeddable":true,"href":"https:\/\/hidrosistem.al\/new\/wp-json\/wp\/v2\/product_tag?post=2447"}],"curies":[{"name":"wp","href":"https:\/\/api.w.org\/{rel}","templated":true}]}}