{"id":2439,"date":"2023-09-18T10:05:22","date_gmt":"2023-09-18T10:05:22","guid":{"rendered":"https:\/\/hidrosistem.al\/new\/?post_type=product&#038;p=2439"},"modified":"2023-09-28T14:14:49","modified_gmt":"2023-09-28T14:14:49","slug":"fxdq-a","status":"publish","type":"product","link":"https:\/\/hidrosistem.al\/new\/product\/fxdq-a\/","title":{"rendered":"FXDQ-A"},"content":{"rendered":"<p><strong>Nj\u00ebsi e ngusht\u00eb e fshehur n\u00eb tavan<\/strong><\/p>\n<ul>\n<li>P\u00ebrmasa kompakte, mund t\u00eb montohet leht\u00ebsisht n\u00eb nj\u00eb hap\u00ebsir\u00eb boshe t\u00eb tavanit prej vet\u00ebm 240 mm<\/li>\n<li>Presioni i jasht\u00ebm statik mesatar deri n\u00eb 44 PA e leht\u00ebson p\u00ebrdorimin e nj\u00ebsis\u00eb me tuba fleksib\u00ebl t\u00eb gjat\u00ebsive t\u00eb ndryshme<\/li>\n<li>I fshehur mir\u00eb n\u00eb tavan: duken vet\u00ebm grilat e thithjes dhe t\u00eb shkarkimit<\/li>\n<li>Nj\u00ebsi e kategoris\u00eb 15 e zhvilluar n\u00eb m\u00ebnyr\u00eb t\u00eb ve\u00e7ant\u00eb p\u00ebr dhoma t\u00eb vogla ose t\u00eb izoluara mir\u00eb, si p\u00ebr shembull dhomat e hoteleve, zyrat e vogla, etj.<\/li>\n<li>Konsum i reduktuar i energjis\u00eb fal\u00eb motorit me ventilator DC t\u00eb projektuar n\u00eb m\u00ebnyr\u00eb specifike<\/li>\n<li>Drejtimi i thithjes s\u00eb ajrit mund t\u00eb ndryshohet nga thithja prapa n\u00eb thithjen posht\u00eb<\/li>\n<li>Pompa standarde e kullimit me ngritje 600 mm rrit fleksibilitetin dhe shpejt\u00ebsin\u00eb e instalimit<\/li>\n<li>VRV-4<\/li>\n<\/ul>\n","protected":false},"excerpt":{"rendered":"<p>Nj\u00ebsi e ngusht\u00eb e fshehur n\u00eb tavan P\u00ebrmasa kompakte, mund t\u00eb montohet leht\u00ebsisht n\u00eb nj\u00eb hap\u00ebsir\u00eb boshe t\u00eb tavanit prej<\/p>\n","protected":false},"featured_media":2440,"template":"","meta":[],"product_cat":[329],"product_tag":[],"class_list":["post-2439","product","type-product","status-publish","has-post-thumbnail","hentry","product_cat-vrv"],"_links":{"self":[{"href":"https:\/\/hidrosistem.al\/new\/wp-json\/wp\/v2\/product\/2439","targetHints":{"allow":["GET"]}}],"collection":[{"href":"https:\/\/hidrosistem.al\/new\/wp-json\/wp\/v2\/product"}],"about":[{"href":"https:\/\/hidrosistem.al\/new\/wp-json\/wp\/v2\/types\/product"}],"version-history":[{"count":2,"href":"https:\/\/hidrosistem.al\/new\/wp-json\/wp\/v2\/product\/2439\/revisions"}],"predecessor-version":[{"id":3004,"href":"https:\/\/hidrosistem.al\/new\/wp-json\/wp\/v2\/product\/2439\/revisions\/3004"}],"wp:featuredmedia":[{"embeddable":true,"href":"https:\/\/hidrosistem.al\/new\/wp-json\/wp\/v2\/media\/2440"}],"wp:attachment":[{"href":"https:\/\/hidrosistem.al\/new\/wp-json\/wp\/v2\/media?parent=2439"}],"wp:term":[{"taxonomy":"product_cat","embeddable":true,"href":"https:\/\/hidrosistem.al\/new\/wp-json\/wp\/v2\/product_cat?post=2439"},{"taxonomy":"product_tag","embeddable":true,"href":"https:\/\/hidrosistem.al\/new\/wp-json\/wp\/v2\/product_tag?post=2439"}],"curies":[{"name":"wp","href":"https:\/\/api.w.org\/{rel}","templated":true}]}}