{"id":2429,"date":"2023-09-18T09:57:50","date_gmt":"2023-09-18T09:57:50","guid":{"rendered":"https:\/\/hidrosistem.al\/new\/?post_type=product&#038;p=2429"},"modified":"2023-09-28T14:15:02","modified_gmt":"2023-09-28T14:15:02","slug":"fxda-a","status":"publish","type":"product","link":"https:\/\/hidrosistem.al\/new\/product\/fxda-a\/","title":{"rendered":"FXDA-A"},"content":{"rendered":"<p><strong>Dizajn i holl\u00eb p\u00ebr instalim fleksib\u00ebl<\/strong><\/p>\n<ul>\n<li>Dizajn i optimizuar p\u00ebr agjentin ftoh\u00ebs R-32<\/li>\n<li>P\u00ebrmasa kompakte, mund t\u00eb montohet leht\u00ebsisht n\u00eb nj\u00eb hap\u00ebsir\u00eb boshe t\u00eb tavanit prej vet\u00ebm 240 mm<\/li>\n<li>Presioni i jasht\u00ebm statik mesatar deri n\u00eb 44 PA e leht\u00ebson p\u00ebrdorimin e nj\u00ebsis\u00eb me tuba fleksib\u00ebl t\u00eb gjat\u00ebsive t\u00eb ndryshme<\/li>\n<li>I fshehur mir\u00eb n\u00eb mur: duken vet\u00ebm grilat e thithjes dhe t\u00eb shkarkimit<\/li>\n<li>Opsioni i filtrit me vet\u00ebpastrim garanton efikasitet, komoditet dhe q\u00ebndrueshm\u00ebri maksimale duke e pastruar filtrin rregullisht<\/li>\n<li>Nj\u00ebsi e kategoris\u00eb 15 e zhvilluar n\u00eb m\u00ebnyr\u00eb t\u00eb ve\u00e7ant\u00eb p\u00ebr dhoma t\u00eb vogla ose t\u00eb izoluara mir\u00eb, si p\u00ebr shembull dhomat e hoteleve, zyrat e vogla, etj.<\/li>\n<li>Drejtimi i thithjes s\u00eb ajrit mund t\u00eb ndryshohet nga thithja prapa n\u00eb thithjen posht\u00eb<\/li>\n<li>Pompa standarde e kullimit me ngritje 600 mm rrit fleksibilitetin dhe shpejt\u00ebsin\u00eb e instalimit<\/li>\n<li>VRV-5<\/li>\n<\/ul>\n","protected":false},"excerpt":{"rendered":"<p>Dizajn i holl\u00eb p\u00ebr instalim fleksib\u00ebl Dizajn i optimizuar p\u00ebr agjentin ftoh\u00ebs R-32 P\u00ebrmasa kompakte, mund t\u00eb montohet leht\u00ebsisht n\u00eb<\/p>\n","protected":false},"featured_media":2430,"template":"","meta":[],"product_cat":[329],"product_tag":[],"class_list":["post-2429","product","type-product","status-publish","has-post-thumbnail","hentry","product_cat-vrv"],"_links":{"self":[{"href":"https:\/\/hidrosistem.al\/new\/wp-json\/wp\/v2\/product\/2429","targetHints":{"allow":["GET"]}}],"collection":[{"href":"https:\/\/hidrosistem.al\/new\/wp-json\/wp\/v2\/product"}],"about":[{"href":"https:\/\/hidrosistem.al\/new\/wp-json\/wp\/v2\/types\/product"}],"version-history":[{"count":3,"href":"https:\/\/hidrosistem.al\/new\/wp-json\/wp\/v2\/product\/2429\/revisions"}],"predecessor-version":[{"id":4453,"href":"https:\/\/hidrosistem.al\/new\/wp-json\/wp\/v2\/product\/2429\/revisions\/4453"}],"wp:featuredmedia":[{"embeddable":true,"href":"https:\/\/hidrosistem.al\/new\/wp-json\/wp\/v2\/media\/2430"}],"wp:attachment":[{"href":"https:\/\/hidrosistem.al\/new\/wp-json\/wp\/v2\/media?parent=2429"}],"wp:term":[{"taxonomy":"product_cat","embeddable":true,"href":"https:\/\/hidrosistem.al\/new\/wp-json\/wp\/v2\/product_cat?post=2429"},{"taxonomy":"product_tag","embeddable":true,"href":"https:\/\/hidrosistem.al\/new\/wp-json\/wp\/v2\/product_tag?post=2429"}],"curies":[{"name":"wp","href":"https:\/\/api.w.org\/{rel}","templated":true}]}}