{"id":2241,"date":"2023-09-17T15:36:13","date_gmt":"2023-09-17T15:36:13","guid":{"rendered":"https:\/\/hidrosistem.al\/new\/?post_type=product&#038;p=2241"},"modified":"2023-09-28T13:26:22","modified_gmt":"2023-09-28T13:26:22","slug":"fcag-b","status":"publish","type":"product","link":"https:\/\/hidrosistem.al\/new\/product\/fcag-b\/","title":{"rendered":"FCAG-B"},"content":{"rendered":"<p><strong>Kaset\u00eb me qarkullim rrethor<\/strong><\/p>\n<ul>\n<li>Kombinimi me teknologjin\u00eb R-32 Bluevolution redukton ndikimin n\u00eb mjedis me 68% krahasuar me R-410A, duke sjell\u00eb menj\u00ebher\u00eb konsum m\u00eb t\u00eb ul\u00ebt t\u00eb energjis\u00eb fal\u00eb efikasitetit t\u00eb saj t\u00eb lart\u00eb energjetik, si dhe ka deri n\u00eb 16% m\u00eb pak mbushje me agjent ftoh\u00ebs<\/li>\n<li>Paneli opsional i pastrimit automatik t\u00eb filtrit sjell efikasitet m\u00eb t\u00eb lart\u00eb dhe komoditet dhe kosto m\u00eb t\u00eb ul\u00ebta mir\u00ebmbajtjeje.<\/li>\n<li>Dy sensor\u00eb inteligjent\u00eb opsional\u00eb rrisin efikasitetin e energjis\u00eb dhe komoditetin.<\/li>\n<li>Lart\u00ebsia m\u00eb e ul\u00ebt e montimit n\u00eb treg: 214 mm p\u00ebr kategorin\u00eb 20-63<\/li>\n<li>Mund\u00ebsia m\u00eb e gjer\u00eb e zgjedhjes n\u00eb panelet dekorative: panele moderne n\u00eb t\u00eb bardh\u00eb (RAL9010) dhe t\u00eb zez\u00eb (RAL9005) dhe panele standarde n\u00eb t\u00eb bardh\u00eb (RAL9010) me flet\u00eb gri ose t\u00eb bardh\u00eb t\u00eb plot\u00eb<\/li>\n<li>Nj\u00ebsia e brendshme e nj\u00ebsuar mund t\u00eb kombinohet me nj\u00ebsit\u00eb e jashtme R-32 dhe R-410A, duke thjeshtuar stokun<\/li>\n<li>Kontroll individual i kapakut: fleksibilitet p\u00ebr t&#8217;iu p\u00ebrshtatur \u00e7do plani dhome pa ndryshuar vendndodhjen e nj\u00ebsis\u00eb!<\/li>\n<li>Flet\u00ebt e m\u00ebdha dhe motivi unik i l\u00ebvizjes p\u00ebrmir\u00ebson shp\u00ebrndarjen e barabart\u00eb t\u00eb ajrit<\/li>\n<li>5 shkall\u00eb t\u00eb ndryshme shpejt\u00ebsie t\u00eb disponueshme p\u00ebr komoditetin maksimal<\/li>\n<li>Hyrja opsionale e ajrit t\u00eb fresk\u00ebt<\/li>\n<li>Shkarkimi me tuba me deg\u00ebzim lejon optimizimin e shp\u00ebrndarjes s\u00eb ajrit n\u00eb dhomat me forma t\u00eb \u00e7rregullta ose furnizimin e ajrit n\u00eb dhomat e vogla pran\u00eb<\/li>\n<li>Pompa standarde e kullimit me ngritje 675mm rrit fleksibilitetin dhe shpejt\u00ebsin\u00eb e instalimit<\/li>\n<\/ul>\n","protected":false},"excerpt":{"rendered":"<p>Kaset\u00eb me qarkullim rrethor Kombinimi me teknologjin\u00eb R-32 Bluevolution redukton ndikimin n\u00eb mjedis me 68% krahasuar me R-410A, duke sjell\u00eb<\/p>\n","protected":false},"featured_media":2242,"template":"","meta":[],"product_cat":[323,326,328],"product_tag":[],"class_list":["post-2241","product","type-product","status-publish","has-post-thumbnail","hentry","product_cat-sisteme-ngrohje-ftohje","product_cat-kondicionimi","product_cat-multi-split"],"_links":{"self":[{"href":"https:\/\/hidrosistem.al\/new\/wp-json\/wp\/v2\/product\/2241","targetHints":{"allow":["GET"]}}],"collection":[{"href":"https:\/\/hidrosistem.al\/new\/wp-json\/wp\/v2\/product"}],"about":[{"href":"https:\/\/hidrosistem.al\/new\/wp-json\/wp\/v2\/types\/product"}],"version-history":[{"count":1,"href":"https:\/\/hidrosistem.al\/new\/wp-json\/wp\/v2\/product\/2241\/revisions"}],"predecessor-version":[{"id":2249,"href":"https:\/\/hidrosistem.al\/new\/wp-json\/wp\/v2\/product\/2241\/revisions\/2249"}],"wp:featuredmedia":[{"embeddable":true,"href":"https:\/\/hidrosistem.al\/new\/wp-json\/wp\/v2\/media\/2242"}],"wp:attachment":[{"href":"https:\/\/hidrosistem.al\/new\/wp-json\/wp\/v2\/media?parent=2241"}],"wp:term":[{"taxonomy":"product_cat","embeddable":true,"href":"https:\/\/hidrosistem.al\/new\/wp-json\/wp\/v2\/product_cat?post=2241"},{"taxonomy":"product_tag","embeddable":true,"href":"https:\/\/hidrosistem.al\/new\/wp-json\/wp\/v2\/product_tag?post=2241"}],"curies":[{"name":"wp","href":"https:\/\/api.w.org\/{rel}","templated":true}]}}