{"id":2192,"date":"2023-09-15T12:21:45","date_gmt":"2023-09-15T12:21:45","guid":{"rendered":"https:\/\/hidrosistem.al\/new\/?post_type=product&#038;p=2192"},"modified":"2023-09-30T08:35:50","modified_gmt":"2023-09-30T08:35:50","slug":"kondicioner-sensira-ftxf-e-d","status":"publish","type":"product","link":"https:\/\/hidrosistem.al\/new\/product\/kondicioner-sensira-ftxf-e-d\/","title":{"rendered":"Kondicioner Sensira FTXF-E\/D + RXF-E\/D"},"content":{"rendered":"<ul>\n<li>Vlera efikasiteti sezonal deri n\u00eb A++ n\u00eb ftohje<\/li>\n<li>Daikin Residential Controller (opsional): kontrolloni nj\u00ebsin\u00eb tuaj t\u00eb brendshme nga \u00e7do vendndodhje me aplikacion, p\u00ebrmes rrjetit lokal ose internetit.<\/li>\n<li>Qet\u00ebsi n\u00eb funksionim deri n\u00eb 20 dBA<\/li>\n<li>Zgjedhja e nj\u00eb produkti R-32 ul ndikimin n\u00eb mjedis me 68% krahasuar me R-410A dhe sjell direkt konsumim m\u00eb t\u00eb ul\u00ebt t\u00eb energjis\u00eb fal\u00eb efikasitet t\u00eb tij t\u00eb lart\u00eb n\u00eb energji<\/li>\n<\/ul>\n","protected":false},"excerpt":{"rendered":"<p>Vlera efikasiteti sezonal deri n\u00eb A++ n\u00eb ftohje Daikin Residential Controller (opsional): kontrolloni nj\u00ebsin\u00eb tuaj t\u00eb brendshme nga \u00e7do vendndodhje<\/p>\n","protected":false},"featured_media":2194,"template":"","meta":[],"product_cat":[323,326,327],"product_tag":[],"class_list":["post-2192","product","type-product","status-publish","has-post-thumbnail","hentry","product_cat-sisteme-ngrohje-ftohje","product_cat-kondicionimi","product_cat-mono-split"],"_links":{"self":[{"href":"https:\/\/hidrosistem.al\/new\/wp-json\/wp\/v2\/product\/2192","targetHints":{"allow":["GET"]}}],"collection":[{"href":"https:\/\/hidrosistem.al\/new\/wp-json\/wp\/v2\/product"}],"about":[{"href":"https:\/\/hidrosistem.al\/new\/wp-json\/wp\/v2\/types\/product"}],"version-history":[{"count":3,"href":"https:\/\/hidrosistem.al\/new\/wp-json\/wp\/v2\/product\/2192\/revisions"}],"predecessor-version":[{"id":4414,"href":"https:\/\/hidrosistem.al\/new\/wp-json\/wp\/v2\/product\/2192\/revisions\/4414"}],"wp:featuredmedia":[{"embeddable":true,"href":"https:\/\/hidrosistem.al\/new\/wp-json\/wp\/v2\/media\/2194"}],"wp:attachment":[{"href":"https:\/\/hidrosistem.al\/new\/wp-json\/wp\/v2\/media?parent=2192"}],"wp:term":[{"taxonomy":"product_cat","embeddable":true,"href":"https:\/\/hidrosistem.al\/new\/wp-json\/wp\/v2\/product_cat?post=2192"},{"taxonomy":"product_tag","embeddable":true,"href":"https:\/\/hidrosistem.al\/new\/wp-json\/wp\/v2\/product_tag?post=2192"}],"curies":[{"name":"wp","href":"https:\/\/api.w.org\/{rel}","templated":true}]}}