{"id":2151,"date":"2023-09-15T10:49:10","date_gmt":"2023-09-15T10:49:10","guid":{"rendered":"https:\/\/hidrosistem.al\/new\/?post_type=product&#038;p=2151"},"modified":"2023-09-28T12:46:40","modified_gmt":"2023-09-28T12:46:40","slug":"kondicioner-kanalor-fdxm-f9","status":"publish","type":"product","link":"https:\/\/hidrosistem.al\/new\/product\/kondicioner-kanalor-fdxm-f9\/","title":{"rendered":"Kondicioner KANALOR FDXM-F9 + RXM-R"},"content":{"rendered":"<ul>\n<li>Nj\u00ebsia \u00ebsht\u00eb e padukshme pasi \u00ebsht\u00eb e fshehur n\u00eb tavan: duken vet\u00ebm grilat e thithjes dhe t\u00eb shkarkimit<\/li>\n<li>P\u00ebrmasa kompakte, mund t\u00eb montohet leht\u00ebsisht n\u00eb nj\u00eb hap\u00ebsir\u00eb boshe t\u00eb tavanit prej vet\u00ebm 240 mm<\/li>\n<li>Opsioni i filtrit me vet\u00ebpastrim garanton efikasitet, komoditet dhe q\u00ebndrueshm\u00ebri maksimale duke e pastruar filtrin rregullisht<\/li>\n<li>Daikin Residential Controller (opsional): kontrolloni nj\u00ebsin\u00eb tuaj t\u00eb brendshme nga \u00e7do vendndodhje me aplikacion, p\u00ebrmes rrjetit lokal ose internetit.<\/li>\n<li>Presioni i jasht\u00ebm statik mesatar deri n\u00eb 40 Pa leht\u00ebson p\u00ebrdorimin e nj\u00ebsis\u00eb me tuba fleksib\u00ebl t\u00eb gjat\u00ebsive t\u00eb ndryshme<\/li>\n<li>Gam\u00eb e unifikuar p\u00ebr nj\u00ebsin\u00eb e brendshme p\u00ebr R-32 dhe R-410A<\/li>\n<li>Seti multizonal mund\u00ebson sh\u00ebrbimin e disa zonave me klim\u00eb t\u00eb kontrolluar n\u00eb m\u00ebnyr\u00eb individuale nga nj\u00eb nj\u00ebsi e brendshme<\/li>\n<li>Komand\u00eb zanore p\u00ebrmes Amazon Alexa ose Google Assistant p\u00ebr t\u00eb kontrolluar funksionet kryesore t\u00eb tilla si vlera e caktuar, regjimi i funksionimit, shpejt\u00ebsia e ventilatorit etj.<\/li>\n<li>Konsum i ul\u00ebt i energjis\u00eb fal\u00eb motorit me ventilator DC<\/li>\n<\/ul>\n","protected":false},"excerpt":{"rendered":"<p>Nj\u00ebsia \u00ebsht\u00eb e padukshme pasi \u00ebsht\u00eb e fshehur n\u00eb tavan: duken vet\u00ebm grilat e thithjes dhe t\u00eb shkarkimit P\u00ebrmasa kompakte,<\/p>\n","protected":false},"featured_media":2152,"template":"","meta":[],"product_cat":[323,326,327,328],"product_tag":[],"class_list":["post-2151","product","type-product","status-publish","has-post-thumbnail","hentry","product_cat-sisteme-ngrohje-ftohje","product_cat-kondicionimi","product_cat-mono-split","product_cat-multi-split"],"_links":{"self":[{"href":"https:\/\/hidrosistem.al\/new\/wp-json\/wp\/v2\/product\/2151","targetHints":{"allow":["GET"]}}],"collection":[{"href":"https:\/\/hidrosistem.al\/new\/wp-json\/wp\/v2\/product"}],"about":[{"href":"https:\/\/hidrosistem.al\/new\/wp-json\/wp\/v2\/types\/product"}],"version-history":[{"count":2,"href":"https:\/\/hidrosistem.al\/new\/wp-json\/wp\/v2\/product\/2151\/revisions"}],"predecessor-version":[{"id":4407,"href":"https:\/\/hidrosistem.al\/new\/wp-json\/wp\/v2\/product\/2151\/revisions\/4407"}],"wp:featuredmedia":[{"embeddable":true,"href":"https:\/\/hidrosistem.al\/new\/wp-json\/wp\/v2\/media\/2152"}],"wp:attachment":[{"href":"https:\/\/hidrosistem.al\/new\/wp-json\/wp\/v2\/media?parent=2151"}],"wp:term":[{"taxonomy":"product_cat","embeddable":true,"href":"https:\/\/hidrosistem.al\/new\/wp-json\/wp\/v2\/product_cat?post=2151"},{"taxonomy":"product_tag","embeddable":true,"href":"https:\/\/hidrosistem.al\/new\/wp-json\/wp\/v2\/product_tag?post=2151"}],"curies":[{"name":"wp","href":"https:\/\/api.w.org\/{rel}","templated":true}]}}