{"id":1933,"date":"2023-09-12T08:08:23","date_gmt":"2023-09-12T08:08:23","guid":{"rendered":"https:\/\/hidrosistem.al\/new\/?post_type=product&#038;p=1933"},"modified":"2023-09-12T08:08:23","modified_gmt":"2023-09-12T08:08:23","slug":"pastrues-ajri-mck70yv","status":"publish","type":"product","link":"https:\/\/hidrosistem.al\/new\/product\/pastrues-ajri-mck70yv\/","title":{"rendered":"Pastrues Ajri MCK70YV"},"content":{"rendered":"<p>Pastrimi i ajrit p\u00ebr hap\u00ebsira t\u00eb m\u00ebdha deri n\u00eb 96 m\u00b2, si p.sh. p\u00ebr banesa dhe p\u00ebrdorime t\u00eb lehta komerciale<br \/>\nAjri i past\u00ebr fal\u00eb qasjes Daikin &#8216;Catch and Clean&#8217; n\u00eb dekompozimin e substancave t\u00eb d\u00ebmshme<br \/>\nFiltri elektrostatik HEPA me performanc\u00eb t\u00eb lart\u00eb i cili nuk bllokohet leht\u00eb, prandaj shkakton humbje t\u00eb ul\u00ebt t\u00eb presionit<br \/>\nNuk ka nevoj\u00eb t\u00eb ndryshoni filtrin p\u00ebr dhjet\u00eb vjet, duke rezultuar n\u00eb kosto t\u00eb ul\u00ebta mir\u00ebmbajtjeje<br \/>\nNj\u00eb nga gam\u00ebn m\u00eb t\u00eb heshtur t\u00eb pastruesve t\u00eb ajrit n\u00eb tregun evropian<\/p>\n","protected":false},"excerpt":{"rendered":"<p><img loading=\"lazy\" decoding=\"async\" class=\"alignnone wp-image-1940 size-full\" src=\"https:\/\/hidrosistem.al\/new\/wp-content\/uploads\/2023\/09\/Screenshot-2023-09-12-at-10.07.29-AM.png\" alt=\"\" width=\"1199\" height=\"523\" srcset=\"https:\/\/hidrosistem.al\/new\/wp-content\/uploads\/2023\/09\/Screenshot-2023-09-12-at-10.07.29-AM.png 1199w, https:\/\/hidrosistem.al\/new\/wp-content\/uploads\/2023\/09\/Screenshot-2023-09-12-at-10.07.29-AM-150x65.png 150w, https:\/\/hidrosistem.al\/new\/wp-content\/uploads\/2023\/09\/Screenshot-2023-09-12-at-10.07.29-AM-300x131.png 300w, https:\/\/hidrosistem.al\/new\/wp-content\/uploads\/2023\/09\/Screenshot-2023-09-12-at-10.07.29-AM-1024x447.png 1024w, https:\/\/hidrosistem.al\/new\/wp-content\/uploads\/2023\/09\/Screenshot-2023-09-12-at-10.07.29-AM-768x335.png 768w\" sizes=\"auto, (max-width: 1199px) 100vw, 1199px\" \/><\/p>\n","protected":false},"featured_media":1936,"template":"","meta":[],"product_cat":[323,324],"product_tag":[],"class_list":["post-1933","product","type-product","status-publish","has-post-thumbnail","hentry","product_cat-sisteme-ngrohje-ftohje","product_cat-pastrues-ajri"],"_links":{"self":[{"href":"https:\/\/hidrosistem.al\/new\/wp-json\/wp\/v2\/product\/1933","targetHints":{"allow":["GET"]}}],"collection":[{"href":"https:\/\/hidrosistem.al\/new\/wp-json\/wp\/v2\/product"}],"about":[{"href":"https:\/\/hidrosistem.al\/new\/wp-json\/wp\/v2\/types\/product"}],"version-history":[{"count":1,"href":"https:\/\/hidrosistem.al\/new\/wp-json\/wp\/v2\/product\/1933\/revisions"}],"predecessor-version":[{"id":1941,"href":"https:\/\/hidrosistem.al\/new\/wp-json\/wp\/v2\/product\/1933\/revisions\/1941"}],"wp:featuredmedia":[{"embeddable":true,"href":"https:\/\/hidrosistem.al\/new\/wp-json\/wp\/v2\/media\/1936"}],"wp:attachment":[{"href":"https:\/\/hidrosistem.al\/new\/wp-json\/wp\/v2\/media?parent=1933"}],"wp:term":[{"taxonomy":"product_cat","embeddable":true,"href":"https:\/\/hidrosistem.al\/new\/wp-json\/wp\/v2\/product_cat?post=1933"},{"taxonomy":"product_tag","embeddable":true,"href":"https:\/\/hidrosistem.al\/new\/wp-json\/wp\/v2\/product_tag?post=1933"}],"curies":[{"name":"wp","href":"https:\/\/api.w.org\/{rel}","templated":true}]}}