{"id":1925,"date":"2023-09-12T08:04:02","date_gmt":"2023-09-12T08:04:02","guid":{"rendered":"https:\/\/hidrosistem.al\/new\/?post_type=product&#038;p=1925"},"modified":"2023-09-12T08:04:23","modified_gmt":"2023-09-12T08:04:23","slug":"pastrues-ajri-mck55w","status":"publish","type":"product","link":"https:\/\/hidrosistem.al\/new\/product\/pastrues-ajri-mck55w\/","title":{"rendered":"Pastrues Ajri MCK55W"},"content":{"rendered":"<p>Efektiviteti kund\u00ebr viruseve t\u00eb frym\u00ebmarrjes i vler\u00ebsuar nga Instituti Pasteur de Lille<br \/>\nAjri i past\u00ebr fal\u00eb qasjes Daikin &#8216;Catch and Clean&#8217; n\u00eb dekompozimin e substancave t\u00eb d\u00ebmshme<br \/>\nFiltri elektrostatik HEPA me performanc\u00eb t\u00eb lart\u00eb i cili nuk bllokohet leht\u00eb, prandaj shkakton humbje t\u00eb ul\u00ebt t\u00eb presionit<br \/>\nNj\u00eb nga gam\u00ebn m\u00eb t\u00eb heshtur t\u00eb pastruesve t\u00eb ajrit n\u00eb tregun evropian<br \/>\nNuk ka nevoj\u00eb t\u00eb ndryshoni filtrin p\u00ebr dhjet\u00eb vjet, duke rezultuar n\u00eb kosto t\u00eb ul\u00ebta mir\u00ebmbajtjeje<br \/>\nPastron ajrin n\u00eb dhoma deri n\u00eb 82 m\u00b2, perfekt p\u00ebr zona t\u00eb m\u00ebdha banimi<\/p>\n","protected":false},"excerpt":{"rendered":"<p><img loading=\"lazy\" decoding=\"async\" class=\"alignnone wp-image-1931 size-full\" src=\"https:\/\/hidrosistem.al\/new\/wp-content\/uploads\/2023\/09\/Screenshot-2023-09-12-at-10.03.08-AM.png\" alt=\"\" width=\"1194\" height=\"583\" srcset=\"https:\/\/hidrosistem.al\/new\/wp-content\/uploads\/2023\/09\/Screenshot-2023-09-12-at-10.03.08-AM.png 1194w, https:\/\/hidrosistem.al\/new\/wp-content\/uploads\/2023\/09\/Screenshot-2023-09-12-at-10.03.08-AM-150x73.png 150w, https:\/\/hidrosistem.al\/new\/wp-content\/uploads\/2023\/09\/Screenshot-2023-09-12-at-10.03.08-AM-300x146.png 300w, https:\/\/hidrosistem.al\/new\/wp-content\/uploads\/2023\/09\/Screenshot-2023-09-12-at-10.03.08-AM-1024x500.png 1024w, https:\/\/hidrosistem.al\/new\/wp-content\/uploads\/2023\/09\/Screenshot-2023-09-12-at-10.03.08-AM-768x375.png 768w\" sizes=\"auto, (max-width: 1194px) 100vw, 1194px\" \/><\/p>\n","protected":false},"featured_media":1929,"template":"","meta":[],"product_cat":[323,324],"product_tag":[],"class_list":["post-1925","product","type-product","status-publish","has-post-thumbnail","hentry","product_cat-sisteme-ngrohje-ftohje","product_cat-pastrues-ajri"],"_links":{"self":[{"href":"https:\/\/hidrosistem.al\/new\/wp-json\/wp\/v2\/product\/1925","targetHints":{"allow":["GET"]}}],"collection":[{"href":"https:\/\/hidrosistem.al\/new\/wp-json\/wp\/v2\/product"}],"about":[{"href":"https:\/\/hidrosistem.al\/new\/wp-json\/wp\/v2\/types\/product"}],"version-history":[{"count":1,"href":"https:\/\/hidrosistem.al\/new\/wp-json\/wp\/v2\/product\/1925\/revisions"}],"predecessor-version":[{"id":1932,"href":"https:\/\/hidrosistem.al\/new\/wp-json\/wp\/v2\/product\/1925\/revisions\/1932"}],"wp:featuredmedia":[{"embeddable":true,"href":"https:\/\/hidrosistem.al\/new\/wp-json\/wp\/v2\/media\/1929"}],"wp:attachment":[{"href":"https:\/\/hidrosistem.al\/new\/wp-json\/wp\/v2\/media?parent=1925"}],"wp:term":[{"taxonomy":"product_cat","embeddable":true,"href":"https:\/\/hidrosistem.al\/new\/wp-json\/wp\/v2\/product_cat?post=1925"},{"taxonomy":"product_tag","embeddable":true,"href":"https:\/\/hidrosistem.al\/new\/wp-json\/wp\/v2\/product_tag?post=1925"}],"curies":[{"name":"wp","href":"https:\/\/api.w.org\/{rel}","templated":true}]}}