{"id":17375,"date":"2026-02-20T07:53:47","date_gmt":"2026-02-20T07:53:47","guid":{"rendered":"https:\/\/hidrosistem.al\/new\/?post_type=product&#038;p=17375"},"modified":"2026-02-20T07:57:49","modified_gmt":"2026-02-20T07:57:49","slug":"omp-tea-sifon-lavamani-bronxi-i-kromuar-me-pike-kontrolli-o32x1-1-4-copy","status":"publish","type":"product","link":"https:\/\/hidrosistem.al\/new\/product\/omp-tea-sifon-lavamani-bronxi-i-kromuar-me-pike-kontrolli-o32x1-1-4-copy\/","title":{"rendered":"OMP-Tea Sifon lavamani bronxi i kromuar me pik\u00eb kontrolli \u00d832&#215;1 1\/4&#8243;"},"content":{"rendered":"<p>Sifonet e lavamanit jan\u00eb element\u00eb t\u00eb domosdosh\u00ebm hidraulik\u00eb q\u00eb sigurojn\u00eb largimin e ujit nga lavamani drejt kanalizimit, duke parandaluar kthimin e er\u00ebrave t\u00eb pak\u00ebndshme n\u00eb ambient. T\u00eb dizajnuar p\u00ebr performanc\u00eb t\u00eb q\u00ebndrueshme dhe instalim t\u00eb thjesht\u00eb, sip\u00ebrfaqja e tyre \u00ebsht\u00eb e q\u00ebndrueshme ndaj korrozionit dhe funksionon n\u00eb m\u00ebnyr\u00eb efikase n\u00eb \u00e7do banjo apo kuzhin\u00eb. Zgjidhje ideale p\u00ebr sistemet moderne t\u00eb ujit, q\u00eb ofrojn\u00eb besueshm\u00ebri dhe funksionalitet n\u00eb p\u00ebrdorim t\u00eb p\u00ebrditsh\u00ebm.<\/p>\n<p>&nbsp;<\/p>\n","protected":false},"excerpt":{"rendered":"<p>Sifonet e lavamanit jan\u00eb element\u00eb t\u00eb domosdosh\u00ebm hidraulik\u00eb q\u00eb sigurojn\u00eb largimin e ujit nga lavamani drejt kanalizimit, duke parandaluar kthimin<\/p>\n","protected":false},"featured_media":17376,"template":"","meta":[],"product_cat":[342,458],"product_tag":[],"class_list":["post-17375","product","type-product","status-publish","has-post-thumbnail","hentry","product_cat-hidraulike","product_cat-aksesore-te-tjere"],"_links":{"self":[{"href":"https:\/\/hidrosistem.al\/new\/wp-json\/wp\/v2\/product\/17375","targetHints":{"allow":["GET"]}}],"collection":[{"href":"https:\/\/hidrosistem.al\/new\/wp-json\/wp\/v2\/product"}],"about":[{"href":"https:\/\/hidrosistem.al\/new\/wp-json\/wp\/v2\/types\/product"}],"version-history":[{"count":3,"href":"https:\/\/hidrosistem.al\/new\/wp-json\/wp\/v2\/product\/17375\/revisions"}],"predecessor-version":[{"id":17379,"href":"https:\/\/hidrosistem.al\/new\/wp-json\/wp\/v2\/product\/17375\/revisions\/17379"}],"wp:featuredmedia":[{"embeddable":true,"href":"https:\/\/hidrosistem.al\/new\/wp-json\/wp\/v2\/media\/17376"}],"wp:attachment":[{"href":"https:\/\/hidrosistem.al\/new\/wp-json\/wp\/v2\/media?parent=17375"}],"wp:term":[{"taxonomy":"product_cat","embeddable":true,"href":"https:\/\/hidrosistem.al\/new\/wp-json\/wp\/v2\/product_cat?post=17375"},{"taxonomy":"product_tag","embeddable":true,"href":"https:\/\/hidrosistem.al\/new\/wp-json\/wp\/v2\/product_tag?post=17375"}],"curies":[{"name":"wp","href":"https:\/\/api.w.org\/{rel}","templated":true}]}}