{"id":17349,"date":"2026-02-19T15:12:17","date_gmt":"2026-02-19T15:12:17","guid":{"rendered":"https:\/\/hidrosistem.al\/new\/?post_type=product&#038;p=17349"},"modified":"2026-02-19T15:13:27","modified_gmt":"2026-02-19T15:13:27","slug":"omp-tea-pilet-tualeti-o50","status":"publish","type":"product","link":"https:\/\/hidrosistem.al\/new\/product\/omp-tea-pilet-tualeti-o50\/","title":{"rendered":"OMP-Tea pilet tualeti me dalje an\u00ebsore rrotulluese \u00d850"},"content":{"rendered":"<p>Kanalinat TEA jan\u00eb zgjidhje drenimi p\u00ebr n\u00eb dysheme, projektuar p\u00ebr t\u00eb larguar ujin n\u00eb m\u00ebnyr\u00eb efektive dhe elegante n\u00eb ambiente tualeti. Ato ofrojn\u00eb nj\u00eb sistem t\u00eb integruar drenimi dyshemeje me material cil\u00ebsor dhe p\u00ebrfundim estetike q\u00eb leht\u00ebsojn\u00eb instalimin dhe mir\u00ebmbajtjen. Disponohen n\u00eb versionet standarde dhe t\u00eb padukshme, duke siguruar nj\u00eb p\u00ebrvoj\u00eb moderne dhe funksionale me dysheme t\u00eb niveluar.<\/p>\n<p>&nbsp;<\/p>\n","protected":false},"excerpt":{"rendered":"<p>Kanalinat TEA jan\u00eb zgjidhje drenimi p\u00ebr n\u00eb dysheme, projektuar p\u00ebr t\u00eb larguar ujin n\u00eb m\u00ebnyr\u00eb efektive dhe elegante n\u00eb ambiente<\/p>\n","protected":false},"featured_media":17350,"template":"","meta":[],"product_cat":[342,463,517],"product_tag":[],"class_list":["post-17349","product","type-product","status-publish","has-post-thumbnail","hentry","product_cat-hidraulike","product_cat-rakorderi","product_cat-pileta-shkarkimi"],"_links":{"self":[{"href":"https:\/\/hidrosistem.al\/new\/wp-json\/wp\/v2\/product\/17349","targetHints":{"allow":["GET"]}}],"collection":[{"href":"https:\/\/hidrosistem.al\/new\/wp-json\/wp\/v2\/product"}],"about":[{"href":"https:\/\/hidrosistem.al\/new\/wp-json\/wp\/v2\/types\/product"}],"version-history":[{"count":2,"href":"https:\/\/hidrosistem.al\/new\/wp-json\/wp\/v2\/product\/17349\/revisions"}],"predecessor-version":[{"id":17352,"href":"https:\/\/hidrosistem.al\/new\/wp-json\/wp\/v2\/product\/17349\/revisions\/17352"}],"wp:featuredmedia":[{"embeddable":true,"href":"https:\/\/hidrosistem.al\/new\/wp-json\/wp\/v2\/media\/17350"}],"wp:attachment":[{"href":"https:\/\/hidrosistem.al\/new\/wp-json\/wp\/v2\/media?parent=17349"}],"wp:term":[{"taxonomy":"product_cat","embeddable":true,"href":"https:\/\/hidrosistem.al\/new\/wp-json\/wp\/v2\/product_cat?post=17349"},{"taxonomy":"product_tag","embeddable":true,"href":"https:\/\/hidrosistem.al\/new\/wp-json\/wp\/v2\/product_tag?post=17349"}],"curies":[{"name":"wp","href":"https:\/\/api.w.org\/{rel}","templated":true}]}}