{"id":17288,"date":"2026-02-18T09:56:39","date_gmt":"2026-02-18T09:56:39","guid":{"rendered":"https:\/\/hidrosistem.al\/new\/?post_type=product&#038;p=17288"},"modified":"2026-02-18T09:57:47","modified_gmt":"2026-02-18T09:57:47","slug":"rakord-tubi-solin-saniflex-o10x1-2-m","status":"publish","type":"product","link":"https:\/\/hidrosistem.al\/new\/product\/rakord-tubi-solin-saniflex-o10x1-2-m\/","title":{"rendered":"Rakord tubi Solin Saniflex \u00d810&#215;1\/2 m"},"content":{"rendered":"<p>Produktet SOLIN jan\u00eb t\u00eb projektuara p\u00ebr p\u00ebrdorim n\u00eb sisteme instalimi hidraulike dhe termike, duke ofruar zgjidhje t\u00eb q\u00ebndrueshme dhe funksionale p\u00ebr nd\u00ebrtesa rezidenciale, komerciale dhe industriale. Produktet prodhohen nga materiale plastike cil\u00ebsore, t\u00eb p\u00ebrshtatshme p\u00ebr transportin e ujit t\u00eb ftoht\u00eb dhe t\u00eb ngroht\u00eb, sistemet e ngrohjes, ftohjes dhe aplikime t\u00eb tjera teknike, duke respektuar standardet europiane t\u00eb prodhimit dhe siguris\u00eb.<\/p>\n<p>&nbsp;<\/p>\n","protected":false},"excerpt":{"rendered":"<p>Produktet SOLIN jan\u00eb t\u00eb projektuara p\u00ebr p\u00ebrdorim n\u00eb sisteme instalimi hidraulike dhe termike, duke ofruar zgjidhje t\u00eb q\u00ebndrueshme dhe funksionale<\/p>\n","protected":false},"featured_media":17289,"template":"","meta":[],"product_cat":[342,463,520],"product_tag":[],"class_list":["post-17288","product","type-product","status-publish","has-post-thumbnail","hentry","product_cat-hidraulike","product_cat-rakorderi","product_cat-rakorderi-pp"],"_links":{"self":[{"href":"https:\/\/hidrosistem.al\/new\/wp-json\/wp\/v2\/product\/17288","targetHints":{"allow":["GET"]}}],"collection":[{"href":"https:\/\/hidrosistem.al\/new\/wp-json\/wp\/v2\/product"}],"about":[{"href":"https:\/\/hidrosistem.al\/new\/wp-json\/wp\/v2\/types\/product"}],"version-history":[{"count":1,"href":"https:\/\/hidrosistem.al\/new\/wp-json\/wp\/v2\/product\/17288\/revisions"}],"predecessor-version":[{"id":17290,"href":"https:\/\/hidrosistem.al\/new\/wp-json\/wp\/v2\/product\/17288\/revisions\/17290"}],"wp:featuredmedia":[{"embeddable":true,"href":"https:\/\/hidrosistem.al\/new\/wp-json\/wp\/v2\/media\/17289"}],"wp:attachment":[{"href":"https:\/\/hidrosistem.al\/new\/wp-json\/wp\/v2\/media?parent=17288"}],"wp:term":[{"taxonomy":"product_cat","embeddable":true,"href":"https:\/\/hidrosistem.al\/new\/wp-json\/wp\/v2\/product_cat?post=17288"},{"taxonomy":"product_tag","embeddable":true,"href":"https:\/\/hidrosistem.al\/new\/wp-json\/wp\/v2\/product_tag?post=17288"}],"curies":[{"name":"wp","href":"https:\/\/api.w.org\/{rel}","templated":true}]}}