{"id":16721,"date":"2026-02-12T14:58:07","date_gmt":"2026-02-12T14:58:07","guid":{"rendered":"https:\/\/hidrosistem.al\/new\/?post_type=product&#038;p=16721"},"modified":"2026-02-16T15:12:52","modified_gmt":"2026-02-16T15:12:52","slug":"valvul-radiatori-cherbros","status":"publish","type":"product","link":"https:\/\/hidrosistem.al\/new\/product\/valvul-radiatori-cherbros\/","title":{"rendered":"Valvul Radiatori Cherbros"},"content":{"rendered":"<p>Cherbros \u00ebsht\u00eb nj\u00eb kompani me histori t\u00eb gjat\u00eb n\u00eb industrin\u00eb e komponent\u00ebve hidraulik\u00eb, q\u00eb merret me dizajnin, prodhimin dhe shp\u00ebrndarjen e pjes\u00ebve prej bronzi p\u00ebr sistemet e ujit, ngrohjes dhe instalimet solare. E themeluar dhe zhvilluar n\u00eb Greqi, Cherbros ka mbi 60 vjet p\u00ebrvoj\u00eb n\u00eb prodhimin e lidhjeve dhe valvulave t\u00eb besueshme dhe t\u00eb standardeve europiane.<\/p>\n","protected":false},"excerpt":{"rendered":"<p>Cherbros \u00ebsht\u00eb nj\u00eb kompani me histori t\u00eb gjat\u00eb n\u00eb industrin\u00eb e komponent\u00ebve hidraulik\u00eb, q\u00eb merret me dizajnin, prodhimin dhe shp\u00ebrndarjen<\/p>\n","protected":false},"featured_media":16722,"template":"","meta":[],"product_cat":[342,555,556],"product_tag":[],"class_list":["post-16721","product","type-product","status-publish","has-post-thumbnail","hentry","product_cat-hidraulike","product_cat-valvola","product_cat-valvola-valvola"],"_links":{"self":[{"href":"https:\/\/hidrosistem.al\/new\/wp-json\/wp\/v2\/product\/16721","targetHints":{"allow":["GET"]}}],"collection":[{"href":"https:\/\/hidrosistem.al\/new\/wp-json\/wp\/v2\/product"}],"about":[{"href":"https:\/\/hidrosistem.al\/new\/wp-json\/wp\/v2\/types\/product"}],"version-history":[{"count":1,"href":"https:\/\/hidrosistem.al\/new\/wp-json\/wp\/v2\/product\/16721\/revisions"}],"predecessor-version":[{"id":16723,"href":"https:\/\/hidrosistem.al\/new\/wp-json\/wp\/v2\/product\/16721\/revisions\/16723"}],"wp:featuredmedia":[{"embeddable":true,"href":"https:\/\/hidrosistem.al\/new\/wp-json\/wp\/v2\/media\/16722"}],"wp:attachment":[{"href":"https:\/\/hidrosistem.al\/new\/wp-json\/wp\/v2\/media?parent=16721"}],"wp:term":[{"taxonomy":"product_cat","embeddable":true,"href":"https:\/\/hidrosistem.al\/new\/wp-json\/wp\/v2\/product_cat?post=16721"},{"taxonomy":"product_tag","embeddable":true,"href":"https:\/\/hidrosistem.al\/new\/wp-json\/wp\/v2\/product_tag?post=16721"}],"curies":[{"name":"wp","href":"https:\/\/api.w.org\/{rel}","templated":true}]}}