{"id":15568,"date":"2026-02-03T09:38:55","date_gmt":"2026-02-03T09:38:55","guid":{"rendered":"https:\/\/hidrosistem.al\/new\/?post_type=product&#038;p=15568"},"modified":"2026-02-03T09:41:08","modified_gmt":"2026-02-03T09:41:08","slug":"rakord-me-hollandez-gazi-me-saldim-bonomi","status":"publish","type":"product","link":"https:\/\/hidrosistem.al\/new\/product\/rakord-me-hollandez-gazi-me-saldim-bonomi\/","title":{"rendered":"Rakord me Hollandez Gazi me Saldim Bonomi"},"content":{"rendered":"<div class=\"elementor-element elementor-element-07fb005 wd-single-content elementor-widget elementor-widget-wd_single_product_content\" data-id=\"07fb005\" data-element_type=\"widget\" data-widget_type=\"wd_single_product_content.default\">\n<div class=\"elementor-widget-container\">\n<p>Bonomi \u00ebsht\u00eb nj\u00eb mark\u00eb italiane me tradit\u00eb t\u00eb gjat\u00eb n\u00eb prodhimin e komponent\u00ebve p\u00ebr sistemet hidraulike, sanitare dhe ngrohje. Produktet e saj jan\u00eb t\u00eb projektuara p\u00ebr besueshm\u00ebri, jet\u00ebgjat\u00ebsi dhe performanc\u00eb t\u00eb lart\u00eb n\u00eb instalime rezidenciale dhe profesionale. Me fokus n\u00eb teknologji, siguri dhe dizajn funksional, produktet Bonomi jan\u00eb nj\u00eb zgjedhje e sigurt p\u00ebr sisteme moderne dhe efikase.<\/p>\n<\/div>\n<\/div>\n<section class=\"wd-negative-gap elementor-section elementor-inner-section elementor-element elementor-element-5c6deb2a elementor-section-content-bottom elementor-section-boxed elementor-section-height-default elementor-section-height-default wd-section-disabled\" data-id=\"5c6deb2a\" data-element_type=\"section\">\n<div class=\"elementor-container elementor-column-gap-no\">\n<div class=\"elementor-column elementor-col-100 elementor-inner-column elementor-element elementor-element-7c8be543\" data-id=\"7c8be543\" data-element_type=\"column\">\n<div class=\"elementor-widget-wrap elementor-element-populated\">\n<div class=\"elementor-element elementor-element-441a09d1 wd-swatch-layout-inline elementor-widget-mobile__width-inherit elementor-widget-tablet__width-inherit wd-single-add-cart text-left wd-btn-design-default wd-design-default elementor-widget elementor-widget-wd_single_product_add_to_cart\" data-id=\"441a09d1\" data-element_type=\"widget\" data-widget_type=\"wd_single_product_add_to_cart.default\">\n<div class=\"elementor-widget-container\">\n<form class=\"cart\" action=\"https:\/\/hidrosistem.al\/new\/product\/nipel-bronxi-1-1-2-cherbros\/\" enctype=\"multipart\/form-data\" method=\"post\">\n<div class=\"quantity\"><\/div>\n<\/form>\n<\/div>\n<\/div>\n<\/div>\n<\/div>\n<\/div>\n<\/section>\n","protected":false},"excerpt":{"rendered":"<p>Bonomi \u00ebsht\u00eb nj\u00eb mark\u00eb italiane me tradit\u00eb t\u00eb gjat\u00eb n\u00eb prodhimin e komponent\u00ebve p\u00ebr sistemet hidraulike, sanitare dhe ngrohje. Produktet<\/p>\n","protected":false},"featured_media":15570,"template":"","meta":[],"product_cat":[342,463,461],"product_tag":[],"class_list":["post-15568","product","type-product","status-publish","has-post-thumbnail","hentry","product_cat-hidraulike","product_cat-rakorderi","product_cat-rakorderi-gazi"],"_links":{"self":[{"href":"https:\/\/hidrosistem.al\/new\/wp-json\/wp\/v2\/product\/15568","targetHints":{"allow":["GET"]}}],"collection":[{"href":"https:\/\/hidrosistem.al\/new\/wp-json\/wp\/v2\/product"}],"about":[{"href":"https:\/\/hidrosistem.al\/new\/wp-json\/wp\/v2\/types\/product"}],"version-history":[{"count":1,"href":"https:\/\/hidrosistem.al\/new\/wp-json\/wp\/v2\/product\/15568\/revisions"}],"predecessor-version":[{"id":15571,"href":"https:\/\/hidrosistem.al\/new\/wp-json\/wp\/v2\/product\/15568\/revisions\/15571"}],"wp:featuredmedia":[{"embeddable":true,"href":"https:\/\/hidrosistem.al\/new\/wp-json\/wp\/v2\/media\/15570"}],"wp:attachment":[{"href":"https:\/\/hidrosistem.al\/new\/wp-json\/wp\/v2\/media?parent=15568"}],"wp:term":[{"taxonomy":"product_cat","embeddable":true,"href":"https:\/\/hidrosistem.al\/new\/wp-json\/wp\/v2\/product_cat?post=15568"},{"taxonomy":"product_tag","embeddable":true,"href":"https:\/\/hidrosistem.al\/new\/wp-json\/wp\/v2\/product_tag?post=15568"}],"curies":[{"name":"wp","href":"https:\/\/api.w.org\/{rel}","templated":true}]}}