{"id":14757,"date":"2026-01-28T14:30:10","date_gmt":"2026-01-28T14:30:10","guid":{"rendered":"https:\/\/hidrosistem.al\/new\/?post_type=product&#038;p=14757"},"modified":"2026-01-28T14:40:44","modified_gmt":"2026-01-28T14:40:44","slug":"ypsilon-i-dyfishte-pestan-s-line-875","status":"publish","type":"product","link":"https:\/\/hidrosistem.al\/new\/product\/ypsilon-i-dyfishte-pestan-s-line-875\/","title":{"rendered":"Ypsilon i dyfisht\u00eb Pestan S Line 87,5\u00b0"},"content":{"rendered":"<p>Pestan \u00ebsht\u00eb nj\u00eb kompani e njohur nd\u00ebrkomb\u00ebtare me m\u00eb shum\u00eb se 30 vite p\u00ebrvoj\u00eb n\u00eb prodhimin e sistemeve t\u00eb tubacioneve dhe lidhjeve plastike me cil\u00ebsi t\u00eb lart\u00eb p\u00ebr uj\u00eb, ngrohje, kanalizim dhe drenazh. Me standarde nd\u00ebrkomb\u00ebtare prodhimi dhe materiale t\u00eb \u00e7ertifikuara, produktet Pestan garantojn\u00eb q\u00ebndrueshm\u00ebri, siguri dhe performanc\u00eb afatgjat\u00eb n\u00eb projekte rezidenciale dhe industriale.<\/p>\n","protected":false},"excerpt":{"rendered":"<p>Pestan \u00ebsht\u00eb nj\u00eb kompani e njohur nd\u00ebrkomb\u00ebtare me m\u00eb shum\u00eb se 30 vite p\u00ebrvoj\u00eb n\u00eb prodhimin e sistemeve t\u00eb tubacioneve<\/p>\n","protected":false},"featured_media":14776,"template":"","meta":[],"product_cat":[342,463,520],"product_tag":[],"class_list":["post-14757","product","type-product","status-publish","has-post-thumbnail","hentry","product_cat-hidraulike","product_cat-rakorderi","product_cat-rakorderi-pp"],"_links":{"self":[{"href":"https:\/\/hidrosistem.al\/new\/wp-json\/wp\/v2\/product\/14757","targetHints":{"allow":["GET"]}}],"collection":[{"href":"https:\/\/hidrosistem.al\/new\/wp-json\/wp\/v2\/product"}],"about":[{"href":"https:\/\/hidrosistem.al\/new\/wp-json\/wp\/v2\/types\/product"}],"version-history":[{"count":1,"href":"https:\/\/hidrosistem.al\/new\/wp-json\/wp\/v2\/product\/14757\/revisions"}],"predecessor-version":[{"id":14777,"href":"https:\/\/hidrosistem.al\/new\/wp-json\/wp\/v2\/product\/14757\/revisions\/14777"}],"wp:featuredmedia":[{"embeddable":true,"href":"https:\/\/hidrosistem.al\/new\/wp-json\/wp\/v2\/media\/14776"}],"wp:attachment":[{"href":"https:\/\/hidrosistem.al\/new\/wp-json\/wp\/v2\/media?parent=14757"}],"wp:term":[{"taxonomy":"product_cat","embeddable":true,"href":"https:\/\/hidrosistem.al\/new\/wp-json\/wp\/v2\/product_cat?post=14757"},{"taxonomy":"product_tag","embeddable":true,"href":"https:\/\/hidrosistem.al\/new\/wp-json\/wp\/v2\/product_tag?post=14757"}],"curies":[{"name":"wp","href":"https:\/\/api.w.org\/{rel}","templated":true}]}}