{"id":13647,"date":"2025-12-04T09:40:06","date_gmt":"2025-12-04T09:40:06","guid":{"rendered":"https:\/\/hidrosistem.al\/new\/?post_type=product&#038;p=13647"},"modified":"2025-12-04T09:44:10","modified_gmt":"2025-12-04T09:44:10","slug":"vaske-roca-ovale","status":"publish","type":"product","link":"https:\/\/hidrosistem.al\/new\/product\/vaske-roca-ovale\/","title":{"rendered":"Vask\u00eb Roca Ovale"},"content":{"rendered":"<p><span data-sheets-value=\"{&quot;1&quot;:2,&quot;2&quot;:&quot;Koleksioni Contesa : Ky koleksion njihet menj\u00ebher\u00eb p\u00ebr shkak t\u00eb feminitetit t\u00eb dizajnit t\u00eb tij dhe maturis\u00eb s\u00eb p\u00ebrfundimit t\u00eb tij. Linja t\u00eb rafinuara ku funksionaliteti dhe eleganca shkojn\u00eb krah p\u00ebr krah n\u00eb nj\u00eb ekuilib\u00ebr t\u00eb p\u00ebrsosur dhe q\u00eb t\u00eb b\u00ebn t\u00eb mendosh.&quot;}\" data-sheets-userformat=\"{&quot;2&quot;:513,&quot;3&quot;:{&quot;1&quot;:0},&quot;12&quot;:0}\">Koleksioni Contesa : Vaska ofron nj\u00eb hap\u00ebsir\u00eb t\u00eb rehatshme p\u00ebr pushim dhe relaks, me dizajn funksional dhe linja t\u00eb pastra q\u00eb p\u00ebrshtaten me \u00e7do stil banjoje. E prodhuar nga material rezistent dhe e leht\u00eb p\u00ebr t\u2019u pastruar, garanton komoditet dhe p\u00ebrdorim afatgjat\u00eb.<\/span><\/p>\n<p>Kodi i produktit ne ROCA : <span data-sheets-value=\"{&quot;1&quot;:2,&quot;2&quot;:&quot;A235960000&quot;}\" data-sheets-userformat=\"{&quot;2&quot;:12481,&quot;3&quot;:{&quot;1&quot;:0,&quot;3&quot;:1},&quot;9&quot;:0,&quot;10&quot;:1,&quot;15&quot;:&quot;Arial&quot;,&quot;16&quot;:9}\">A248159001<\/span><br \/>\nDimensionet : <span data-sheets-value=\"{&quot;1&quot;:2,&quot;2&quot;:&quot;1600 x 700 x 400 mm&quot;}\">1850 x 1000 x 420 mm<\/span><\/p>\n","protected":false},"excerpt":{"rendered":"<p>Koleksioni Contesa : Vaska ofron nj\u00eb hap\u00ebsir\u00eb t\u00eb rehatshme p\u00ebr pushim dhe relaks, me dizajn funksional dhe linja t\u00eb pastra<\/p>\n","protected":false},"featured_media":13648,"template":"","meta":[],"product_cat":[340,481,483],"product_tag":[],"class_list":["post-13647","product","type-product","status-publish","has-post-thumbnail","hentry","product_cat-hidrosanitare","product_cat-vaska","product_cat-vaska-pa-hidromasazh"],"_links":{"self":[{"href":"https:\/\/hidrosistem.al\/new\/wp-json\/wp\/v2\/product\/13647","targetHints":{"allow":["GET"]}}],"collection":[{"href":"https:\/\/hidrosistem.al\/new\/wp-json\/wp\/v2\/product"}],"about":[{"href":"https:\/\/hidrosistem.al\/new\/wp-json\/wp\/v2\/types\/product"}],"version-history":[{"count":2,"href":"https:\/\/hidrosistem.al\/new\/wp-json\/wp\/v2\/product\/13647\/revisions"}],"predecessor-version":[{"id":13653,"href":"https:\/\/hidrosistem.al\/new\/wp-json\/wp\/v2\/product\/13647\/revisions\/13653"}],"wp:featuredmedia":[{"embeddable":true,"href":"https:\/\/hidrosistem.al\/new\/wp-json\/wp\/v2\/media\/13648"}],"wp:attachment":[{"href":"https:\/\/hidrosistem.al\/new\/wp-json\/wp\/v2\/media?parent=13647"}],"wp:term":[{"taxonomy":"product_cat","embeddable":true,"href":"https:\/\/hidrosistem.al\/new\/wp-json\/wp\/v2\/product_cat?post=13647"},{"taxonomy":"product_tag","embeddable":true,"href":"https:\/\/hidrosistem.al\/new\/wp-json\/wp\/v2\/product_tag?post=13647"}],"curies":[{"name":"wp","href":"https:\/\/api.w.org\/{rel}","templated":true}]}}