{"id":13575,"date":"2025-12-03T14:27:29","date_gmt":"2025-12-03T14:27:29","guid":{"rendered":"https:\/\/hidrosistem.al\/new\/?post_type=product&#038;p=13575"},"modified":"2025-12-03T14:29:10","modified_gmt":"2025-12-03T14:29:10","slug":"bide-roca-meridian","status":"publish","type":"product","link":"https:\/\/hidrosistem.al\/new\/product\/bide-roca-meridian\/","title":{"rendered":"Bide Roca Meridian"},"content":{"rendered":"<p><span data-sheets-value=\"{&quot;1&quot;:2,&quot;2&quot;:&quot;Koleksioni Meridian : Nj\u00eb koncept i vet\u00ebm p\u00ebr nj\u00eb mij\u00eb zgjidhje. Nj\u00eb koncept i vet\u00ebm p\u00ebr t\u00eb p\u00ebrmbushur \u00e7do nevoj\u00eb. Gama m\u00eb e gjithanshme dhe globale.&quot;}\" data-sheets-userformat=\"{&quot;2&quot;:513,&quot;3&quot;:{&quot;1&quot;:0},&quot;12&quot;:0}\">Koleksioni Meridian: Bide me form\u00eb t\u00eb rrumbullak\u00ebt dhe n\u00eb ngjyr\u00eb t\u00eb bardh\u00eb. P\u00ebrshtatet t\u00ebr\u00ebsisht me strukturat e montimit muror. Zgjidhje ideale p\u00ebr ambiente tualeti q\u00eb k\u00ebrkojn\u00eb linja t\u00eb pastra, instalim muror t\u00eb kompakt, dhe pamje estetike t\u00eb qet\u00eb.<\/span><\/p>\n<p>Kodi i produktit ne ROCA : <span data-sheets-value=\"{&quot;1&quot;:2,&quot;2&quot;:&quot;A357245000&quot;}\" data-sheets-userformat=\"{&quot;2&quot;:12929,&quot;3&quot;:{&quot;1&quot;:0},&quot;10&quot;:2,&quot;12&quot;:0,&quot;15&quot;:&quot;Calibri&quot;,&quot;16&quot;:12}\">A357244000<\/span><br \/>\nDimensionet : <span data-sheets-value=\"{&quot;1&quot;:2,&quot;2&quot;:&quot;360 x 560 x 300 mm&quot;}\">360 x 560 x 300 mm<\/span><\/p>\n","protected":false},"excerpt":{"rendered":"<p>Koleksioni Meridian: Bide me form\u00eb t\u00eb rrumbullak\u00ebt dhe n\u00eb ngjyr\u00eb t\u00eb bardh\u00eb. P\u00ebrshtatet t\u00ebr\u00ebsisht me strukturat e montimit muror. Zgjidhje<\/p>\n","protected":false},"featured_media":13576,"template":"","meta":[],"product_cat":[340,466,468],"product_tag":[],"class_list":["post-13575","product","type-product","status-publish","has-post-thumbnail","hentry","product_cat-hidrosanitare","product_cat-sanitare","product_cat-bide"],"_links":{"self":[{"href":"https:\/\/hidrosistem.al\/new\/wp-json\/wp\/v2\/product\/13575","targetHints":{"allow":["GET"]}}],"collection":[{"href":"https:\/\/hidrosistem.al\/new\/wp-json\/wp\/v2\/product"}],"about":[{"href":"https:\/\/hidrosistem.al\/new\/wp-json\/wp\/v2\/types\/product"}],"version-history":[{"count":1,"href":"https:\/\/hidrosistem.al\/new\/wp-json\/wp\/v2\/product\/13575\/revisions"}],"predecessor-version":[{"id":13577,"href":"https:\/\/hidrosistem.al\/new\/wp-json\/wp\/v2\/product\/13575\/revisions\/13577"}],"wp:featuredmedia":[{"embeddable":true,"href":"https:\/\/hidrosistem.al\/new\/wp-json\/wp\/v2\/media\/13576"}],"wp:attachment":[{"href":"https:\/\/hidrosistem.al\/new\/wp-json\/wp\/v2\/media?parent=13575"}],"wp:term":[{"taxonomy":"product_cat","embeddable":true,"href":"https:\/\/hidrosistem.al\/new\/wp-json\/wp\/v2\/product_cat?post=13575"},{"taxonomy":"product_tag","embeddable":true,"href":"https:\/\/hidrosistem.al\/new\/wp-json\/wp\/v2\/product_tag?post=13575"}],"curies":[{"name":"wp","href":"https:\/\/api.w.org\/{rel}","templated":true}]}}