{"id":12622,"date":"2025-10-23T09:02:08","date_gmt":"2025-10-23T09:02:08","guid":{"rendered":"https:\/\/hidrosistem.al\/new\/?post_type=product&#038;p=12622"},"modified":"2025-10-23T09:02:08","modified_gmt":"2025-10-23T09:02:08","slug":"rakord-mashkul-i-drejte-ap-601","status":"publish","type":"product","link":"https:\/\/hidrosistem.al\/new\/product\/rakord-mashkul-i-drejte-ap-601\/","title":{"rendered":"Rakord mashkul i drejt\u00eb AP 601"},"content":{"rendered":"<p>Seria AP Gas nga APE ofron lidh\u00ebsa t\u00eb \u00e7ertifikuara p\u00ebr tubacione gazi me diametra t\u00eb ndrysh\u00ebm. T\u00eb gjitha produktet jan\u00eb t\u00eb homologuara sipas standardeve t\u00eb industris\u00eb p\u00ebr rrjetet e gazit, duke garantuar siguri maksimale, cil\u00ebsi italiane dhe instalim t\u00eb thjesht\u00eb. Zgjedhje ideale p\u00ebr instalime t\u00eb brendshme t\u00eb sistemit t\u00eb gazit, me komponent\u00eb t\u00eb p\u00ebrpunuar q\u00eb kufizojn\u00eb humbjet dhe kontribuojn\u00eb n\u00eb performanc\u00eb afatgjat\u00eb.<\/p>\n","protected":false},"excerpt":{"rendered":"<p>Seria AP Gas nga APE ofron lidh\u00ebsa t\u00eb \u00e7ertifikuara p\u00ebr tubacione gazi me diametra t\u00eb ndrysh\u00ebm. T\u00eb gjitha produktet jan\u00eb<\/p>\n","protected":false},"featured_media":12623,"template":"","meta":[],"product_cat":[463,461],"product_tag":[],"class_list":["post-12622","product","type-product","status-publish","has-post-thumbnail","hentry","product_cat-rakorderi","product_cat-rakorderi-gazi"],"_links":{"self":[{"href":"https:\/\/hidrosistem.al\/new\/wp-json\/wp\/v2\/product\/12622","targetHints":{"allow":["GET"]}}],"collection":[{"href":"https:\/\/hidrosistem.al\/new\/wp-json\/wp\/v2\/product"}],"about":[{"href":"https:\/\/hidrosistem.al\/new\/wp-json\/wp\/v2\/types\/product"}],"version-history":[{"count":1,"href":"https:\/\/hidrosistem.al\/new\/wp-json\/wp\/v2\/product\/12622\/revisions"}],"predecessor-version":[{"id":12631,"href":"https:\/\/hidrosistem.al\/new\/wp-json\/wp\/v2\/product\/12622\/revisions\/12631"}],"wp:featuredmedia":[{"embeddable":true,"href":"https:\/\/hidrosistem.al\/new\/wp-json\/wp\/v2\/media\/12623"}],"wp:attachment":[{"href":"https:\/\/hidrosistem.al\/new\/wp-json\/wp\/v2\/media?parent=12622"}],"wp:term":[{"taxonomy":"product_cat","embeddable":true,"href":"https:\/\/hidrosistem.al\/new\/wp-json\/wp\/v2\/product_cat?post=12622"},{"taxonomy":"product_tag","embeddable":true,"href":"https:\/\/hidrosistem.al\/new\/wp-json\/wp\/v2\/product_tag?post=12622"}],"curies":[{"name":"wp","href":"https:\/\/api.w.org\/{rel}","templated":true}]}}