{"id":11874,"date":"2025-10-13T14:22:03","date_gmt":"2025-10-13T14:22:03","guid":{"rendered":"https:\/\/hidrosistem.al\/new\/?post_type=product&#038;p=11874"},"modified":"2025-10-23T08:27:55","modified_gmt":"2025-10-23T08:27:55","slug":"ti-e-reduktuar-me-prese-art-ap-131","status":"publish","type":"product","link":"https:\/\/hidrosistem.al\/new\/product\/ti-e-reduktuar-me-prese-art-ap-131\/","title":{"rendered":"Ti e reduktuar me pres\u00eb art. AP 131"},"content":{"rendered":"<p>Rakorderit\u00eb me presim APE p\u00ebr tubat multistrat p\u00ebrfaq\u00ebsojn\u00eb standardin m\u00eb t\u00eb lart\u00eb t\u00eb teknologjis\u00eb italiane n\u00eb sistemet hidraulike dhe sanitare. T\u00eb prodhuara me pre\u00e7izion maksimal dhe materiale t\u00eb \u00e7ertifikuara, k\u00ebto rakorderi garantojn\u00eb lidhje hermetike, rezistenc\u00eb t\u00eb lart\u00eb ndaj presionit dhe jet\u00ebgjat\u00ebsi t\u00eb jasht\u00ebzakonshme n\u00eb \u00e7do lloj instalimi. Zgjidhje profesionale p\u00ebr instalime t\u00eb sigurta dhe afatgjata.<\/p>\n","protected":false},"excerpt":{"rendered":"<p>Rakorderit\u00eb me presim APE p\u00ebr tubat multistrat p\u00ebrfaq\u00ebsojn\u00eb standardin m\u00eb t\u00eb lart\u00eb t\u00eb teknologjis\u00eb italiane n\u00eb sistemet hidraulike dhe sanitare.<\/p>\n","protected":false},"featured_media":11914,"template":"","meta":[],"product_cat":[507,571],"product_tag":[],"class_list":["post-11874","product","type-product","status-publish","has-post-thumbnail","hentry","product_cat-rakorderi-me-prese","product_cat-seria-ap"],"_links":{"self":[{"href":"https:\/\/hidrosistem.al\/new\/wp-json\/wp\/v2\/product\/11874","targetHints":{"allow":["GET"]}}],"collection":[{"href":"https:\/\/hidrosistem.al\/new\/wp-json\/wp\/v2\/product"}],"about":[{"href":"https:\/\/hidrosistem.al\/new\/wp-json\/wp\/v2\/types\/product"}],"version-history":[{"count":3,"href":"https:\/\/hidrosistem.al\/new\/wp-json\/wp\/v2\/product\/11874\/revisions"}],"predecessor-version":[{"id":12177,"href":"https:\/\/hidrosistem.al\/new\/wp-json\/wp\/v2\/product\/11874\/revisions\/12177"}],"wp:featuredmedia":[{"embeddable":true,"href":"https:\/\/hidrosistem.al\/new\/wp-json\/wp\/v2\/media\/11914"}],"wp:attachment":[{"href":"https:\/\/hidrosistem.al\/new\/wp-json\/wp\/v2\/media?parent=11874"}],"wp:term":[{"taxonomy":"product_cat","embeddable":true,"href":"https:\/\/hidrosistem.al\/new\/wp-json\/wp\/v2\/product_cat?post=11874"},{"taxonomy":"product_tag","embeddable":true,"href":"https:\/\/hidrosistem.al\/new\/wp-json\/wp\/v2\/product_tag?post=11874"}],"curies":[{"name":"wp","href":"https:\/\/api.w.org\/{rel}","templated":true}]}}