{"id":10530,"date":"2023-11-21T14:08:08","date_gmt":"2023-11-21T14:08:08","guid":{"rendered":"https:\/\/hidrosistem.al\/new\/?post_type=product&#038;p=10530"},"modified":"2023-11-21T14:10:02","modified_gmt":"2023-11-21T14:10:02","slug":"kaldaje-me-gaz-d2cnl","status":"publish","type":"product","link":"https:\/\/hidrosistem.al\/new\/product\/kaldaje-me-gaz-d2cnl\/","title":{"rendered":"Kaldaje me gaz \u2013 D2CNL"},"content":{"rendered":"<p><strong>Kaldaja e montuar n\u00eb mur me kondensim me gaz jasht\u00ebzakonisht kompakt siguron ngrohje dhe uj\u00eb t\u00eb ngroht\u00eb<\/strong><\/p>\n<ul>\n<li>Leht\u00eb n\u00eb sh\u00ebrbim: t\u00eb gjitha pjes\u00ebt jan\u00eb t\u00eb aksesueshme vet\u00ebm duke hequr paneli i p\u00ebrparm\u00eb<\/li>\n<li>Nj\u00ebsi shum\u00eb kompakte dhe fleksib\u00ebl n\u00eb p\u00ebrdorim: e mundur p\u00ebr t&#8217;u instaluar pothuajse t\u00eb gjitha kushtet e dhom\u00ebs (brenda sht\u00ebpis\u00eb si dhe jasht\u00eb) fal\u00eb mbrojtje nga ngrirja p\u00ebr tubacionet e ujit<\/li>\n<\/ul>\n","protected":false},"excerpt":{"rendered":"<p>Kaldaja e montuar n\u00eb mur me kondensim me gaz jasht\u00ebzakonisht kompakt siguron ngrohje dhe uj\u00eb t\u00eb ngroht\u00eb Leht\u00eb n\u00eb sh\u00ebrbim:<\/p>\n","protected":false},"featured_media":10534,"template":"","meta":[],"product_cat":[537],"product_tag":[],"class_list":["post-10530","product","type-product","status-publish","has-post-thumbnail","hentry","product_cat-kaldaja-ma-gaz"],"_links":{"self":[{"href":"https:\/\/hidrosistem.al\/new\/wp-json\/wp\/v2\/product\/10530","targetHints":{"allow":["GET"]}}],"collection":[{"href":"https:\/\/hidrosistem.al\/new\/wp-json\/wp\/v2\/product"}],"about":[{"href":"https:\/\/hidrosistem.al\/new\/wp-json\/wp\/v2\/types\/product"}],"version-history":[{"count":1,"href":"https:\/\/hidrosistem.al\/new\/wp-json\/wp\/v2\/product\/10530\/revisions"}],"predecessor-version":[{"id":10533,"href":"https:\/\/hidrosistem.al\/new\/wp-json\/wp\/v2\/product\/10530\/revisions\/10533"}],"wp:featuredmedia":[{"embeddable":true,"href":"https:\/\/hidrosistem.al\/new\/wp-json\/wp\/v2\/media\/10534"}],"wp:attachment":[{"href":"https:\/\/hidrosistem.al\/new\/wp-json\/wp\/v2\/media?parent=10530"}],"wp:term":[{"taxonomy":"product_cat","embeddable":true,"href":"https:\/\/hidrosistem.al\/new\/wp-json\/wp\/v2\/product_cat?post=10530"},{"taxonomy":"product_tag","embeddable":true,"href":"https:\/\/hidrosistem.al\/new\/wp-json\/wp\/v2\/product_tag?post=10530"}],"curies":[{"name":"wp","href":"https:\/\/api.w.org\/{rel}","templated":true}]}}